{"id":3830,"date":"2023-08-21T13:40:26","date_gmt":"2023-08-21T11:40:26","guid":{"rendered":"https:\/\/sarooma.com\/impressum\/"},"modified":"2024-12-02T14:39:58","modified_gmt":"2024-12-02T13:39:58","slug":"impressum","status":"publish","type":"page","link":"https:\/\/sarooma.com\/fr\/impressum\/","title":{"rendered":"Impressum"},"content":{"rendered":"<p>[et_pb_section fb_built=\u00a0\u00bb1&Prime; fullwidth=\u00a0\u00bbon\u00a0\u00bb _builder_version=\u00a0\u00bb4.21.0&Prime; _module_preset=\u00a0\u00bbdefault\u00a0\u00bb background_color=\u00a0\u00bbRGBA(255,255,255,0)\u00a0\u00bb background_image=\u00a0\u00bbhttps:\/\/sarooma.com\/wp-content\/uploads\/2023\/08\/Sarooma_Header_fullwidth.png\u00a0\u00bb background_last_edited=\u00a0\u00bbon|desktop\u00a0\u00bb background_size_tablet=\u00a0\u00bbcover\u00a0\u00bb global_colors_info=\u00a0\u00bb{}\u00a0\u00bb][et_pb_fullwidth_slider _builder_version=\u00a0\u00bb4.21.0&Prime; _module_preset=\u00a0\u00bbdefault\u00a0\u00bb header_level=\u00a0\u00bbh3&Prime; header_text_color=\u00a0\u00bbgcid-42090494-14ef-43e9-af1f-0dbac69361df\u00a0\u00bb header_font_size=\u00a0\u00bb40px\u00a0\u00bb header_line_height=\u00a0\u00bb1.5em\u00a0\u00bb background_color=\u00a0\u00bbRGBA(255,255,255,0)\u00a0\u00bb width=\u00a0\u00bb100%\u00a0\u00bb max_width=\u00a0\u00bb40%\u00a0\u00bb max_width_tablet=\u00a0\u00bb85%\u00a0\u00bb max_width_phone=\u00a0\u00bb100%\u00a0\u00bb max_width_last_edited=\u00a0\u00bbon|desktop\u00a0\u00bb custom_margin=\u00a0\u00bb0px|||80px|false|false\u00a0\u00bb custom_margin_tablet=\u00a0\u00bb|||20px|false|false\u00a0\u00bb custom_margin_phone=\u00a0\u00bb|||10px|false|false\u00a0\u00bb custom_margin_last_edited=\u00a0\u00bbon|desktop\u00a0\u00bb custom_padding=\u00a0\u00bb207px|0px|242px|0px|false|false\u00a0\u00bb header_font_tablet=\u00a0\u00bb\u00a0\u00bb header_font_phone=\u00a0\u00bb\u00a0\u00bb header_font_last_edited=\u00a0\u00bbon|phone\u00a0\u00bb header_text_shadow_style=\u00a0\u00bbpreset2&Prime; global_colors_info=\u00a0\u00bb{%22gcid-42090494-14ef-43e9-af1f-0dbac69361df%22:%91%22header_text_color%22%93}\u00a0\u00bb][et_pb_slide heading=\u00a0\u00bbImpressum\u00a0\u00bb _builder_version=\u00a0\u00bb4.21.0&Prime; _module_preset=\u00a0\u00bbdefault\u00a0\u00bb header_level=\u00a0\u00bbh1&Prime; header_font=\u00a0\u00bb|600|||||||\u00a0\u00bb header_text_align=\u00a0\u00bbleft\u00a0\u00bb header_text_color=\u00a0\u00bbgcid-42090494-14ef-43e9-af1f-0dbac69361df\u00a0\u00bb header_font_size=\u00a0\u00bb40px\u00a0\u00bb header_line_height=\u00a0\u00bb1.5em\u00a0\u00bb body_text_align=\u00a0\u00bbleft\u00a0\u00bb body_font_size=\u00a0\u00bb25px\u00a0\u00bb body_line_height=\u00a0\u00bb1.2em\u00a0\u00bb header_font_tablet=\u00a0\u00bb|600|||||||\u00a0\u00bb header_font_phone=\u00a0\u00bb|600|||||||\u00a0\u00bb header_font_last_edited=\u00a0\u00bbon|desktop\u00a0\u00bb header_text_shadow_style=\u00a0\u00bbpreset2&Prime; global_colors_info=\u00a0\u00bb{%22gcid-42090494-14ef-43e9-af1f-0dbac69361df%22:%91%22header_text_color%22%93}\u00a0\u00bb sticky_transition=\u00a0\u00bbon\u00a0\u00bb][\/et_pb_slide][\/et_pb_fullwidth_slider][\/et_pb_section][et_pb_section fb_built=\u00a0\u00bb1&Prime; _builder_version=\u00a0\u00bb4.21.0&Prime; _module_preset=\u00a0\u00bbdefault\u00a0\u00bb global_colors_info=\u00a0\u00bb{}\u00a0\u00bb][et_pb_row _builder_version=\u00a0\u00bb4.21.0&Prime; _module_preset=\u00a0\u00bbdefault\u00a0\u00bb global_colors_info=\u00a0\u00bb{}\u00a0\u00bb][et_pb_column type=\u00a0\u00bb4_4&Prime; _builder_version=\u00a0\u00bb4.21.0&Prime; _module_preset=\u00a0\u00bbdefault\u00a0\u00bb global_colors_info=\u00a0\u00bb{}\u00a0\u00bb][et_pb_text _builder_version=\u00a0\u00bb4.21.0&Prime; _module_preset=\u00a0\u00bbdefault\u00a0\u00bb header_font=\u00a0\u00bb|600|||||||\u00a0\u00bb header_text_color=\u00a0\u00bbgcid-c7cef4d5-0edc-43ec-b3a4-fd30db592458&Prime; global_colors_info=\u00a0\u00bb{%22gcid-c7cef4d5-0edc-43ec-b3a4-fd30db592458%22:%91%22header_text_color%22%93}\u00a0\u00bb]<\/p>\n<div id=\"headline\">\n<header>\n<h1>\u00c9diteur \/ Editor<\/h1>\n<\/header>\n<p>Fournisseur du site web au sens de la loi sur les t\u00e9l\u00e9m\u00e9dias:<\/p>\n<p><strong>Sarooma GmbH<\/strong><br \/>Bauseweinallee 68d<br \/>81247 M\u00fcnchen<\/p>\n<p>089 &#8211; 244 187 060<br \/>www.sarooma.de<br \/><a href=\"mailto:info@sarooma.de\">info@sarooma.de<\/a><\/p>\n<p><strong>Directeur g\u00e9n\u00e9ral<\/strong><br \/>Florian Fordermaier<br \/>Michael Gill\u00e9<br \/>Jochen Schaal<\/p>\n<p>M\u00fcnchen, HRB 223243<br \/>USt-Id-Nr. DE304379764 <\/p>\n<p>&nbsp;<\/p>\n<h1>Contenu<\/h1>\n<p>Sarooma GmbH n&rsquo;assume aucune responsabilit\u00e9 quant \u00e0 l&rsquo;actualit\u00e9, l&rsquo;exactitude, l&rsquo;exhaustivit\u00e9 ou la qualit\u00e9 des informations mises \u00e0 disposition. Sarooma GmbH ne saurait \u00eatre tenue responsable des dommages mat\u00e9riels ou immat\u00e9riels caus\u00e9s par l&rsquo;utilisation ou la non-utilisation des informations pr\u00e9sent\u00e9es ou par l&rsquo;utilisation d&rsquo;informations erron\u00e9es ou incompl\u00e8tes, dans la mesure o\u00f9 il n&rsquo;est pas prouv\u00e9 que Sarooma GmbH a commis une faute intentionnelle ou une n\u00e9gligence grave. Toutes les offres sont sans engagement et non contractuelles. Sarooma GmbH se r\u00e9serve express\u00e9ment le droit de modifier, de compl\u00e9ter ou de supprimer des parties de pages ou l&rsquo;ensemble de l&rsquo;offre sans avis pr\u00e9alable, ou d&rsquo;en suspendre temporairement ou d\u00e9finitivement la publication.   <\/p>\n<p>&nbsp;<\/p>\n<header>\n<h1>Webdesign, r\u00e9alisation technique et programmation<\/h1>\n<p><strong>Die Neckarprinzen Kommunikation und Design GmbH<\/strong><br \/><span>Ferdinand-Braun-Stra\u00dfe 17<\/span><br \/><span>74074 Heilbronn<\/span><\/p>\n<p>Tel. +49 7131.919189-0<br \/>E-Mail: info(at)dieneckarprinzen.de<br \/>Web: <a href=\"http:\/\/www.dieneckarprinzen.de\">www.dieneckarprinzen.de<\/a> <\/p>\n<ul><\/ul>\n<\/header>\n<\/div>\n<p>[\/et_pb_text][et_pb_text _builder_version=\u00a0\u00bb4.21.0&Prime; _module_preset=\u00a0\u00bbdefault\u00a0\u00bb header_font=\u00a0\u00bb|600|||||||\u00a0\u00bb header_text_color=\u00a0\u00bbgcid-c7cef4d5-0edc-43ec-b3a4-fd30db592458&Prime; custom_margin=\u00a0\u00bb38px|||||\u00a0\u00bb hover_enabled=\u00a0\u00bb0&Prime; global_colors_info=\u00a0\u00bb{%22gcid-c7cef4d5-0edc-43ec-b3a4-fd30db592458%22:%91%22header_text_color%22%93}\u00a0\u00bb theme_builder_area=\u00a0\u00bbpost_content\u00a0\u00bb sticky_enabled=\u00a0\u00bb0&Prime;]<\/p>\n<div id=\"headline\">\n<header><\/header>\n<header>\n<h1>Images<\/h1>\n<p><strong>Ic\u00f4nes<\/strong><\/p>\n<ul>\n<li>Ic\u00f4nes sociales (LinkedIn, Instagram, Facebook, Twitter\/X) &#8211; r\u00e9alis\u00e9es par <a href=\"http:\/\/www.cybernetikz.com\/\" title=\"cybernetikz\">cybernetikz<\/a> \u00e0 partir de <a href=\"https:\/\/de.wordpress.org\/plugins\/easy-social-icons\/\" title=\"Easy Social Icons\">Easy Social Icons<\/a><\/li>\n<li>Autres ic\u00f4nes &#8211; par <a href=\"https:\/\/www.elegantthemes.com\/blog\/resources\/elegant-icon-font\" title=\"The Elegant Icon Font\">The Elegant Icon Font<\/a> de <a href=\"https:\/\/www.elegantthemes.com\/blog\/resources\/elegant-icon-font\" title=\"Elegant Themes\">Elegant Themes<\/a><\/li>\n<\/ul>\n<p>&nbsp;<\/p>\n<p><strong>Bilder<\/strong><\/p>\n<ul>\n<li>\u00ab\u00a0Salle de conf\u00e9rence moderne et spacieuse &#8211; stock photo\u00a0\u00bb r\u00e9alis\u00e9 par <a href=\"https:\/\/www.istockphoto.com\/de\/portfolio\/KatarzynaBialasiewicz?mediatype=photography\" title=\"Katarzyna Bialasiewicz\">Katarzyna Bialasiewicz<\/a> \u00e0 partir de <a href=\"https:\/\/www.istockphoto.com\/de\" title=\"iStock\">iStock<\/a>, Stock-Fotografie-ID: <span>638769550<\/span><\/li>\n<li>\u00ab\u00a0Salle de classe moderne avec tableau blanc 3d render &#8211; stock photo\u00a0\u00bb r\u00e9alis\u00e9 par <a href=\"https:\/\/www.istockphoto.com\/de\/portfolio\/runna10?mediatype=photography\" title=\"runna10\">runna10<\/a> \u00e0 partir de <a href=\"https:\/\/www.istockphoto.com\/de\" title=\"iStock\">iStock<\/a>, Stock-Fotografie-ID: <span>1296677747<\/span><\/li>\n<li>\u00ab\u00a0Salle de classe avec bureaux doubles et stores int\u00e9rieurs &#8211; stock photo\u00a0\u00bb r\u00e9alis\u00e9 par <a href=\"https:\/\/www.istockphoto.com\/de\/portfolio\/Pixelci?mediatype=photography\" title=\"Pixelci\">Pixelci<\/a> \u00e0 partir de <a href=\"https:\/\/www.istockphoto.com\/de\" title=\"iStock\">iStock<\/a>, Stock-Fotografie-ID: <span>903100718<\/span><\/li>\n<li>\u00ab\u00a0Poste d&rsquo;infirmi\u00e8re &#8211; stock photo\u00a0\u00bb r\u00e9alis\u00e9 par <a href=\"https:\/\/www.istockphoto.com\/de\/portfolio\/hxdbzxy?mediatype=photography\" title=\"hxdbzxy\">hxdbzxy<\/a> \u00e0 partir de <a href=\"https:\/\/www.istockphoto.com\/de\" title=\"iStock\">iStock<\/a>, Stock-Fotografie-ID: <span>522100021<\/span><\/li>\n<li>\u00ab\u00a0Interior of a Montessori kindergarten \u2013 stock photo\u00a0\u00bb r\u00e9alis\u00e9 par <a href=\"https:\/\/www.istockphoto.com\/de\/portfolio\/rilueda?mediatype=photography\" title=\"rilueda\">rilueda<\/a> \u00e0 partir de <a href=\"https:\/\/www.istockphoto.com\/de\" title=\"iStock\">iStock<\/a>, Stock-Fotografie-ID: <span>1430011274<\/span><\/li>\n<li>\u00ab\u00a0Salle de conf\u00e9rence &#8211; stock photo\u00a0\u00bb r\u00e9alis\u00e9 par <a href=\"https:\/\/www.istockphoto.com\/de\/portfolio\/steamaze?mediatype=photography\" title=\"steamaze\">steamaze<\/a> \u00e0 partir de <a href=\"https:\/\/www.istockphoto.com\/de\" title=\"iStock\">iStock<\/a>, Stock-Fotografie-ID: <span>1170914100<\/span><\/li>\n<li>\u00ab\u00a03D render of cafetaria and restaurant \u2013 stock photo\u00a0\u00bb r\u00e9alis\u00e9 par <a href=\"https:\/\/www.istockphoto.com\/de\/portfolio\/Explora_2005?mediatype=photography\" title=\"Explora_2005\">Explora_2005<\/a> \u00e0 partir de <a href=\"https:\/\/www.istockphoto.com\/de\" title=\"iStock\">iStock<\/a>, Stock-Fotografie-ID: <span>1214780422<\/span><\/li>\n<li>\u00ab\u00a0Jeune entrepreneur ou architecte avec la maquette d&rsquo;une maison debout dans le bureau de travail. &#8211; Stock photo \u00a0\u00bb r\u00e9alis\u00e9 par <a href=\"https:\/\/www.istockphoto.com\/de\/search\/photographer?photographer=Halfpoint&amp;assettype=image&amp;family=creative\" title=\"Halfpoint\">Halfpoint<\/a> \u00e0 partir de <a href=\"https:\/\/www.istockphoto.com\/de\" title=\"iStock\">iStock<\/a>, Stock-Fotografie-ID: <span>1147261305<\/span><\/li>\n<li>\u00a0\u00bb Une femme d&rsquo;affaires et un homme d&rsquo;affaires \u00e9l\u00e9gants et confiants travaillent sur un projet, l&rsquo;homme tient un ordinateur portable, ils s&rsquo;y r\u00e9f\u00e8rent. En arri\u00e8re-plan, une installation moderne et lumineuse. Low angle &#8211; stock photo\u00a0\u00bb r\u00e9alis\u00e9 par <a href=\"https:\/\/www.istockphoto.com\/de\/portfolio\/gorodenkoff?mediatype=photography\" title=\"gorodenkoff\">gorodenkoff<\/a> \u00e0 partir de <a href=\"https:\/\/www.istockphoto.com\/de\" title=\"iStock\">iStock<\/a>, Stock-Fotografie-ID: <span>1173740593<\/span><\/li>\n<li>\u00ab\u00a0Panneau acoustique sur fond blanc &#8211; stock photo\u00a0\u00bb r\u00e9alis\u00e9 par <a href=\"https:\/\/www.istockphoto.com\/de\/portfolio\/Baitong333?mediatype=photography\" title=\"Baitong333\">Baitong333<\/a> \u00e0 partir de <a href=\"https:\/\/www.istockphoto.com\/de\" title=\"iStock\">iStock<\/a>, Stock-Fotografie-ID: <span>1160880182<\/span><\/li>\n<li>\u00ab\u00a0Vid\u00e9o conf\u00e9rence, entretien en ligne, appel d&rsquo;affaires &#8211; Stock Photo\u00a0\u00bb r\u00e9alis\u00e9 par <a href=\"https:\/\/www.istockphoto.com\/de\/portfolio\/AndreyPopov?mediatype=photography\" title=\"AndreyPopov\">AndreyPopov<\/a> \u00e0 partir de <a href=\"https:\/\/www.istockphoto.com\/de\" title=\"iStock\">iStock<\/a>, Stock-Fotografie-ID: <span>1283277714<\/span><\/li>\n<li>\u00ab\u00a0Background illustration communication, contact, network &#8211; vector illustration\u00a0\u00bb r\u00e9alis\u00e9 par <a href=\"https:\/\/www.istockphoto.com\/de\/portfolio\/Maha1450?mediatype=illustration\" title=\"Maha1450\">Maha1450<\/a> \u00e0 partir de <a href=\"https:\/\/www.istockphoto.com\/de\" title=\"iStock\">iStock<\/a>, Stock-Fotografie-ID: <span>1415992693<\/span><\/li>\n<li>\u00ab\u00a0Le matin au bureau \u2013 stock photo\u00a0\u00bb r\u00e9alis\u00e9 par <a href=\"https:\/\/www.istockphoto.com\/de\/portfolio\/enginakyurt11?mediatype=photography\" title=\"enginakyurt11\">enginakyurt11<\/a> \u00e0 partir de <a href=\"https:\/\/www.istockphoto.com\/de\" title=\"iStock\">iStock<\/a>, Stock-Fotografie-ID: <span>687117272<\/span><\/li>\n<li>\u00ab\u00a0Travail d&rsquo;\u00e9quipe, diversit\u00e9 et directeurs des ventes planifient des id\u00e9es de marque avec un concepteur cr\u00e9atif sur un ordinateur portable dans le bureau. Logo, collaboration et homme d&rsquo;affaires parlant \u00e0 un employ\u00e9 d&rsquo;un projet de d\u00e9veloppement &#8211; stock photo\u00a0\u00bb r\u00e9alis\u00e9 par <a href=\"https:\/\/www.istockphoto.com\/de\/portfolio\/shapecharge?mediatype=photography\" title=\"shapecharge\">shapecharge<\/a> \u00e0 partir de <a href=\"https:\/\/www.istockphoto.com\/de\" title=\"iStock\">iStock<\/a>, Stock-Fotografie-ID: <span>1434116614<\/span><\/li>\n<li>Un homme d&rsquo;affaires et une femme d&rsquo;affaires souriant en regardant leur t\u00e9l\u00e9phone &#8211; stock photo\u00a0\u00bb r\u00e9alis\u00e9 par <a href=\"https:\/\/www.istockphoto.com\/de\/portfolio\/mixetto?mediatype=photography\" title=\"mixetto\">mixetto<\/a> \u00e0 partir de <a href=\"https:\/\/www.istockphoto.com\/de\" title=\"iStock\">iStock<\/a>, Stock-Fotografie-ID: <span>1356070782<\/span><\/li>\n<li>\u00ab\u00a0Femme professionnelle travaillant \u00e0 domicile &#8211; stock photo\u00a0\u00bb r\u00e9alis\u00e9 par <a href=\"https:\/\/www.istockphoto.com\/de\/portfolio\/demaerre?mediatype=photography\" title=\"demaerre\">demaerre<\/a> \u00e0 partir de <a href=\"https:\/\/www.istockphoto.com\/de\" title=\"iStock\">iStock<\/a>, Stock-Fotografie-ID: <span>1319189527<\/span><\/li>\n<li>\u00ab\u00a0Illustration vectorielle cr\u00e9ative de l&rsquo;avatar profil standard placeholder isol\u00e9 sur le fond. Art design gris photo mod\u00e8le vierge mock up. Abstract term graphic element &#8211; vector illustration\u00a0\u00bb r\u00e9alis\u00e9 par <a href=\"https:\/\/www.istockphoto.com\/de\/portfolio\/Happy_vector?mediatype=illustration\" title=\"Happy_vector\">Happy_vector<\/a> \u00e0 partir de <a href=\"https:\/\/www.istockphoto.com\/de\" title=\"iStock\">iStock<\/a>, Stock-Fotografie-ID: <span>1008005840<\/span><\/li>\n<\/ul>\n<\/header>\n<\/div>\n<p>[\/et_pb_text][\/et_pb_column][\/et_pb_row][\/et_pb_section]<\/p>\n","protected":false},"excerpt":{"rendered":"<p>\u00c9diteur \/ Editor Fournisseur du site web au sens de la loi sur les t\u00e9l\u00e9m\u00e9dias: Sarooma GmbHBauseweinallee 68d81247 M\u00fcnchen 089 &#8211; 244 187 060www.sarooma.deinfo@sarooma.de Directeur g\u00e9n\u00e9ralFlorian FordermaierMichael Gill\u00e9Jochen Schaal M\u00fcnchen, HRB 223243USt-Id-Nr. DE304379764 &nbsp; Contenu Sarooma GmbH n&rsquo;assume aucune responsabilit\u00e9 quant \u00e0 l&rsquo;actualit\u00e9, l&rsquo;exactitude, l&rsquo;exhaustivit\u00e9 ou la qualit\u00e9 des informations mises \u00e0 disposition. Sarooma GmbH [&hellip;]<\/p>\n","protected":false},"author":2,"featured_media":0,"parent":0,"menu_order":0,"comment_status":"closed","ping_status":"closed","template":"","meta":{"_et_pb_use_builder":"on","_et_pb_old_content":"","_et_gb_content_width":"","footnotes":""},"class_list":["post-3830","page","type-page","status-publish","hentry"],"_links":{"self":[{"href":"https:\/\/sarooma.com\/fr\/wp-json\/wp\/v2\/pages\/3830","targetHints":{"allow":["GET"]}}],"collection":[{"href":"https:\/\/sarooma.com\/fr\/wp-json\/wp\/v2\/pages"}],"about":[{"href":"https:\/\/sarooma.com\/fr\/wp-json\/wp\/v2\/types\/page"}],"author":[{"embeddable":true,"href":"https:\/\/sarooma.com\/fr\/wp-json\/wp\/v2\/users\/2"}],"replies":[{"embeddable":true,"href":"https:\/\/sarooma.com\/fr\/wp-json\/wp\/v2\/comments?post=3830"}],"version-history":[{"count":3,"href":"https:\/\/sarooma.com\/fr\/wp-json\/wp\/v2\/pages\/3830\/revisions"}],"predecessor-version":[{"id":3835,"href":"https:\/\/sarooma.com\/fr\/wp-json\/wp\/v2\/pages\/3830\/revisions\/3835"}],"wp:attachment":[{"href":"https:\/\/sarooma.com\/fr\/wp-json\/wp\/v2\/media?parent=3830"}],"curies":[{"name":"wp","href":"https:\/\/api.w.org\/{rel}","templated":true}]}}