{"id":3814,"date":"2023-08-21T13:45:09","date_gmt":"2023-08-21T11:45:09","guid":{"rendered":"https:\/\/sarooma.com\/protection-des-donnees\/"},"modified":"2024-12-02T10:09:31","modified_gmt":"2024-12-02T09:09:31","slug":"protection-des-donnees","status":"publish","type":"page","link":"https:\/\/sarooma.com\/fr\/protection-des-donnees\/","title":{"rendered":"Protection des donn\u00e9es"},"content":{"rendered":"<p>[et_pb_section fb_built=\u00a0\u00bb1&Prime; fullwidth=\u00a0\u00bbon\u00a0\u00bb _builder_version=\u00a0\u00bb4.21.0&Prime; _module_preset=\u00a0\u00bbdefault\u00a0\u00bb background_color=\u00a0\u00bbRGBA(255,255,255,0)\u00a0\u00bb background_image=\u00a0\u00bbhttps:\/\/sarooma.com\/wp-content\/uploads\/2023\/08\/Sarooma_Header_fullwidth.png\u00a0\u00bb background_last_edited=\u00a0\u00bbon|desktop\u00a0\u00bb background_size_tablet=\u00a0\u00bbcover\u00a0\u00bb global_colors_info=\u00a0\u00bb{}\u00a0\u00bb][et_pb_fullwidth_slider _builder_version=\u00a0\u00bb4.21.0&Prime; _module_preset=\u00a0\u00bbdefault\u00a0\u00bb header_level=\u00a0\u00bbh3&Prime; header_text_color=\u00a0\u00bbgcid-42090494-14ef-43e9-af1f-0dbac69361df\u00a0\u00bb header_font_size=\u00a0\u00bb40px\u00a0\u00bb header_line_height=\u00a0\u00bb1.5em\u00a0\u00bb background_color=\u00a0\u00bbRGBA(255,255,255,0)\u00a0\u00bb width=\u00a0\u00bb100%\u00a0\u00bb max_width=\u00a0\u00bb40%\u00a0\u00bb max_width_tablet=\u00a0\u00bb85%\u00a0\u00bb max_width_phone=\u00a0\u00bb100%\u00a0\u00bb max_width_last_edited=\u00a0\u00bbon|desktop\u00a0\u00bb custom_margin=\u00a0\u00bb0px|||80px|false|false\u00a0\u00bb custom_margin_tablet=\u00a0\u00bb|||20px|false|false\u00a0\u00bb custom_margin_phone=\u00a0\u00bb|||10px|false|false\u00a0\u00bb custom_margin_last_edited=\u00a0\u00bbon|desktop\u00a0\u00bb custom_padding=\u00a0\u00bb207px|0px|242px|0px|false|false\u00a0\u00bb header_font_tablet=\u00a0\u00bb\u00a0\u00bb header_font_phone=\u00a0\u00bb\u00a0\u00bb header_font_last_edited=\u00a0\u00bbon|phone\u00a0\u00bb header_text_shadow_style=\u00a0\u00bbpreset2&Prime; global_colors_info=\u00a0\u00bb{%22gcid-42090494-14ef-43e9-af1f-0dbac69361df%22:%91%22header_text_color%22%93}\u00a0\u00bb][et_pb_slide heading=\u00a0\u00bbProtection des donn\u00e9es\u00a0\u00bb _builder_version=\u00a0\u00bb4.21.0&Prime; _module_preset=\u00a0\u00bbdefault\u00a0\u00bb header_level=\u00a0\u00bbh1&Prime; header_font=\u00a0\u00bb|600|||||||\u00a0\u00bb header_text_align=\u00a0\u00bbleft\u00a0\u00bb header_text_color=\u00a0\u00bbgcid-42090494-14ef-43e9-af1f-0dbac69361df\u00a0\u00bb header_font_size=\u00a0\u00bb40px\u00a0\u00bb header_line_height=\u00a0\u00bb1.5em\u00a0\u00bb body_text_align=\u00a0\u00bbleft\u00a0\u00bb body_font_size=\u00a0\u00bb25px\u00a0\u00bb body_line_height=\u00a0\u00bb1.2em\u00a0\u00bb header_font_tablet=\u00a0\u00bb|600|||||||\u00a0\u00bb header_font_phone=\u00a0\u00bb|600|||||||\u00a0\u00bb header_font_last_edited=\u00a0\u00bbon|desktop\u00a0\u00bb header_text_shadow_style=\u00a0\u00bbpreset2&Prime; global_colors_info=\u00a0\u00bb{%22gcid-42090494-14ef-43e9-af1f-0dbac69361df%22:%91%22header_text_color%22%93}\u00a0\u00bb sticky_transition=\u00a0\u00bbon\u00a0\u00bb][\/et_pb_slide][\/et_pb_fullwidth_slider][\/et_pb_section][et_pb_section fb_built=\u00a0\u00bb1&Prime; _builder_version=\u00a0\u00bb4.21.0&Prime; _module_preset=\u00a0\u00bbdefault\u00a0\u00bb global_colors_info=\u00a0\u00bb{}\u00a0\u00bb][et_pb_row _builder_version=\u00a0\u00bb4.21.0&Prime; _module_preset=\u00a0\u00bbdefault\u00a0\u00bb hover_enabled=\u00a0\u00bb0&Prime; global_colors_info=\u00a0\u00bb{}\u00a0\u00bb sticky_enabled=\u00a0\u00bb0&Prime;][et_pb_column type=\u00a0\u00bb4_4&Prime; _builder_version=\u00a0\u00bb4.21.0&Prime; _module_preset=\u00a0\u00bbdefault\u00a0\u00bb global_colors_info=\u00a0\u00bb{}\u00a0\u00bb][et_pb_text _builder_version=\u00a0\u00bb4.21.0&Prime; _module_preset=\u00a0\u00bbdefault\u00a0\u00bb text_text_color=\u00a0\u00bbgcid-a1f03211-4ce9-443a-b88f-04233c269f8d\u00a0\u00bb header_font=\u00a0\u00bb|600|||||||\u00a0\u00bb header_text_color=\u00a0\u00bbgcid-c7cef4d5-0edc-43ec-b3a4-fd30db592458&Prime; global_colors_info=\u00a0\u00bb{%22gcid-c7cef4d5-0edc-43ec-b3a4-fd30db592458%22:%91%22header_text_color%22,%22header_text_color%22%93,%22gcid-a1f03211-4ce9-443a-b88f-04233c269f8d%22:%91%22text_text_color%22%93}\u00a0\u00bb]<\/p>\n<h1>Protection des donn\u00e9es<\/h1>\n<header><strong><\/strong> <\/p>\n<p><strong>D\u00e9clarations de confidentialit\u00e9 au format PDF<\/strong> <\/p>\n<\/header>\n<p>[\/et_pb_text][et_pb_blurb title=\u00a0\u00bbD\u00e9claration de confidentialit\u00e9 pour l&rsquo;utilisation du site web\u00a0\u00bb url=\u00a0\u00bbhttps:\/\/sarooma.com\/wp-content\/uploads\/2023\/10\/2309_Data_protection_declaration_for_the_use_of_the_website.pdf\u00a0\u00bb url_new_window=\u00a0\u00bbon\u00a0\u00bb use_icon=\u00a0\u00bbon\u00a0\u00bb font_icon=\u00a0\u00bb&#xf1c1;||fa||400&Prime; icon_placement=\u00a0\u00bbleft\u00a0\u00bb image_icon_width=\u00a0\u00bb40px\u00a0\u00bb _builder_version=\u00a0\u00bb4.21.0&Prime; _module_preset=\u00a0\u00bbdefault\u00a0\u00bb header_text_color=\u00a0\u00bbgcid-a1f03211-4ce9-443a-b88f-04233c269f8d\u00a0\u00bb header_font_size=\u00a0\u00bb16px\u00a0\u00bb body_text_color=\u00a0\u00bbgcid-a1f03211-4ce9-443a-b88f-04233c269f8d\u00a0\u00bb custom_margin=\u00a0\u00bb||||false|false\u00a0\u00bb custom_padding=\u00a0\u00bb|450px||0px|false|false\u00a0\u00bb hover_enabled=\u00a0\u00bb0&Prime; custom_css_blurb_title=\u00a0\u00bbmargin-top: 12px;||padding-left: 0px;\u00a0\u00bb global_colors_info=\u00a0\u00bb{%22gcid-a1f03211-4ce9-443a-b88f-04233c269f8d%22:%91%22header_text_color%22,%22body_text_color%22%93}\u00a0\u00bb sticky_enabled=\u00a0\u00bb0&Prime;][\/et_pb_blurb][\/et_pb_column][\/et_pb_row][et_pb_row _builder_version=\u00a0\u00bb4.21.0&Prime; _module_preset=\u00a0\u00bbdefault\u00a0\u00bb global_colors_info=\u00a0\u00bb{}\u00a0\u00bb][et_pb_column type=\u00a0\u00bb4_4&Prime; _builder_version=\u00a0\u00bb4.21.0&Prime; _module_preset=\u00a0\u00bbdefault\u00a0\u00bb global_colors_info=\u00a0\u00bb{}\u00a0\u00bb][et_pb_text _builder_version=\u00a0\u00bb4.21.0&Prime; _module_preset=\u00a0\u00bbdefault\u00a0\u00bb text_text_color=\u00a0\u00bbgcid-a1f03211-4ce9-443a-b88f-04233c269f8d\u00a0\u00bb header_font=\u00a0\u00bb|600|||||||\u00a0\u00bb header_text_color=\u00a0\u00bbgcid-c7cef4d5-0edc-43ec-b3a4-fd30db592458&Prime; hover_enabled=\u00a0\u00bb0&Prime; global_colors_info=\u00a0\u00bb{%22gcid-c7cef4d5-0edc-43ec-b3a4-fd30db592458%22:%91%22header_text_color%22,%22header_text_color%22%93,%22gcid-a1f03211-4ce9-443a-b88f-04233c269f8d%22:%91%22text_text_color%22%93}\u00a0\u00bb sticky_enabled=\u00a0\u00bb0&Prime;]<\/p>\n<h1>Autres informations juridiques<\/h1>\n<header>\n<h3 class=\"\"><\/h3>\n<p>&nbsp;<\/p>\n<p><strong>Analyse web via MATOMO Analytics<\/strong><\/p>\n<p>Sur ce site web, des donn\u00e9es sont collect\u00e9es et enregistr\u00e9es en utilisant le logiciel d&rsquo;analyse web Matomo (www.matomo.org), un service du fournisseur InnoCraft Ltd, 150 Willis St, 6011 Wellington, Nouvelle-Z\u00e9lande (\u00ab\u00a0Matomo\u00a0\u00bb) sur la base de notre int\u00e9r\u00eat l\u00e9gitime \u00e0 l&rsquo;analyse statistique du comportement des utilisateurs \u00e0 des fins d&rsquo;optimisation et de marketing, conform\u00e9ment \u00e0 l&rsquo;article 6, paragraphe 1, point f du RGPD. Des profils d&rsquo;utilisation pseudonymis\u00e9s peuvent \u00eatre cr\u00e9\u00e9s et analys\u00e9s \u00e0 partir de ces donn\u00e9es dans le m\u00eame but.<\/p>\n<\/header>\n<p><span><p id=\"matomo_opted_out_intro\" style=\"display:none;\">Cookie d&#039;exclusion install\u00e9. Vos visites sur ce site web ne seront PAS enregistr\u00e9es par notre outil d&#039;analyse web. Note\u00a0: si vous nettoyez vos cookies et supprimez le cookie d&#039;exclusion, ou bien si vous changez d&#039;ordinateur et\/ou de navigateur, il vous faudra de nouveau effectuer la proc\u00e9dure d&#039;exclusion.<\/p><p id=\"matomo_opted_in_intro\" >Vous pouvez vous opposer au suivi de votre navigation sur ce site web. Cela prot\u00e9gera votre vie priv\u00e9e, mais emp\u00eachera \u00e9galement le propri\u00e9taire d&#039;apprendre de vos actions et de cr\u00e9er une meilleure exp\u00e9rience pour vous et les autres utilisateurs.<\/p><form>\n        <input type=\"checkbox\" id=\"matomo_optout_checkbox\" checked=\"checked\"\/>\n        <label for=\"matomo_optout_checkbox\"><strong>\n        <span id=\"matomo_opted_in_label\" >Vous n&#039;\u00eates pas exclu(e). D\u00e9cochez cette case pour vous exclure.<\/span>\n\t\t<span id=\"matomo_opted_out_label\" style=\"display:none;\">Vous n&#039;\u00eates actuellement pas suivi(e). Cochez cette case si vous acceptez d&#039;\u00eatre suivi.<\/span>\n        <\/strong><\/label><\/form><noscript><p><strong style=\"color: #ff0000;\">This opt out feature requires JavaScript.<\/strong><\/p><\/noscript><p id=\"matomo_outout_err_cookies\" style=\"display: none;\"><strong>La fonctionnalit\u00e9 de d\u00e9sactivation du suivi n\u00e9cessite que les cookies soient autoris\u00e9s.<\/strong><\/p><\/span><\/p>\n<p><span><\/span><\/p>\n<p>&nbsp;<\/p>\n<p><strong>R\u00e9f\u00e9rences et liens<\/strong><\/p>\n<p>En cas de renvois directs ou indirects \u00e0 des sites Internet \u00e9trangers (\u00ab\u00a0hyperliens\u00a0\u00bb) qui ne rel\u00e8vent pas de la responsabilit\u00e9 de Sarooma GmbH, la responsabilit\u00e9 de Sarooma GmbH ne pourrait \u00eatre engag\u00e9e que dans le cas o\u00f9 Sarooma GmbH aurait connaissance des contenus et qu&rsquo;il lui serait techniquement possible et raisonnable d&#8217;emp\u00eacher l&rsquo;utilisation de contenus ill\u00e9gaux. Sarooma GmbH d\u00e9clare express\u00e9ment par la pr\u00e9sente qu&rsquo;au moment de l&rsquo;\u00e9tablissement des liens, aucun contenu ill\u00e9gal n&rsquo;\u00e9tait identifiable sur les pages \u00e0 relier. Sarooma GmbH n&rsquo;a aucune influence sur la conception actuelle et future, les contenus ou les droits d&rsquo;auteur des pages li\u00e9es\/associ\u00e9es. C&rsquo;est pourquoi elle prend express\u00e9ment ses distances par rapport \u00e0 tous les contenus de toutes les pages li\u00e9es\/associ\u00e9es qui ont \u00e9t\u00e9 modifi\u00e9es apr\u00e8s l&rsquo;\u00e9tablissement des liens. Cette constatation s&rsquo;applique \u00e0 tous les liens et renvois plac\u00e9s dans sa propre offre Internet ainsi qu&rsquo;aux inscriptions de tiers dans les livres d&rsquo;or, forums de discussion, r\u00e9pertoires de liens, listes de diffusion et toutes autres formes de banques de donn\u00e9es cr\u00e9\u00e9es par Sarooma GmbH et dont le contenu peut \u00eatre modifi\u00e9 par des tiers. Seul le fournisseur de la page \u00e0 laquelle il est fait r\u00e9f\u00e9rence est responsable des contenus ill\u00e9gaux, erron\u00e9s ou incomplets et en particulier des dommages r\u00e9sultant de l&rsquo;utilisation ou de la non-utilisation des informations ainsi pr\u00e9sent\u00e9es, et non celui qui ne fait que renvoyer \u00e0 la publication concern\u00e9e par le biais de liens.<\/p>\n<p>&nbsp;<\/p>\n<p><strong>Droit d&rsquo;auteur et droit des marques<\/strong><\/p>\n<p>Toutes les marques et marques d\u00e9pos\u00e9es mentionn\u00e9es dans l&rsquo;offre Internet et \u00e9ventuellement prot\u00e9g\u00e9es par des tiers sont soumises sans restriction aux dispositions du droit des marques en vigueur et aux droits de propri\u00e9t\u00e9 des propri\u00e9taires enregistr\u00e9s respectifs. La simple mention d&rsquo;une marque ne permet pas d&rsquo;en d\u00e9duire qu&rsquo;elle n&rsquo;est pas prot\u00e9g\u00e9e par les droits d&rsquo;un tiers ! Le copyright des objets publi\u00e9s et cr\u00e9\u00e9s par l&rsquo;auteur lui-m\u00eame reste la propri\u00e9t\u00e9 exclusive de l&rsquo;auteur des pages. Toute reproduction ou utilisation de tels graphiques, documents sonores, s\u00e9quences vid\u00e9o et textes dans d&rsquo;autres publications \u00e9lectroniques ou imprim\u00e9es est interdite sans l&rsquo;autorisation expresse de l&rsquo;auteur.<\/p>\n<p>&nbsp;<\/p>\n<p><strong>Efficacit\u00e9 juridique de cette clause de non-responsabilit\u00e9<\/strong><\/p>\n<p>Cette exclusion de responsabilit\u00e9 doit \u00eatre consid\u00e9r\u00e9e comme faisant partie de l&rsquo;offre Internet \u00e0 partir de laquelle il a \u00e9t\u00e9 fait r\u00e9f\u00e9rence \u00e0 cette page. Si des parties ou certaines formulations de ce texte ne devaient pas, plus ou pas enti\u00e8rement correspondre \u00e0 la situation juridique en vigueur, les autres parties du document n&rsquo;en seraient pas affect\u00e9es dans leur contenu et leur validit\u00e9.<\/p>\n<p>&nbsp;<\/p>\n<p>[\/et_pb_text][\/et_pb_column][\/et_pb_row][\/et_pb_section]<\/p>\n","protected":false},"excerpt":{"rendered":"<p>Protection des donn\u00e9es D\u00e9clarations de confidentialit\u00e9 au format PDF Autres informations juridiques &nbsp; Analyse web via MATOMO Analytics Sur ce site web, des donn\u00e9es sont collect\u00e9es et enregistr\u00e9es en utilisant le logiciel d&rsquo;analyse web Matomo (www.matomo.org), un service du fournisseur InnoCraft Ltd, 150 Willis St, 6011 Wellington, Nouvelle-Z\u00e9lande (\u00ab\u00a0Matomo\u00a0\u00bb) sur la base de notre int\u00e9r\u00eat [&hellip;]<\/p>\n","protected":false},"author":2,"featured_media":0,"parent":0,"menu_order":0,"comment_status":"closed","ping_status":"closed","template":"","meta":{"_et_pb_use_builder":"on","_et_pb_old_content":"","_et_gb_content_width":"","footnotes":""},"class_list":["post-3814","page","type-page","status-publish","hentry"],"_links":{"self":[{"href":"https:\/\/sarooma.com\/fr\/wp-json\/wp\/v2\/pages\/3814","targetHints":{"allow":["GET"]}}],"collection":[{"href":"https:\/\/sarooma.com\/fr\/wp-json\/wp\/v2\/pages"}],"about":[{"href":"https:\/\/sarooma.com\/fr\/wp-json\/wp\/v2\/types\/page"}],"author":[{"embeddable":true,"href":"https:\/\/sarooma.com\/fr\/wp-json\/wp\/v2\/users\/2"}],"replies":[{"embeddable":true,"href":"https:\/\/sarooma.com\/fr\/wp-json\/wp\/v2\/comments?post=3814"}],"version-history":[{"count":3,"href":"https:\/\/sarooma.com\/fr\/wp-json\/wp\/v2\/pages\/3814\/revisions"}],"predecessor-version":[{"id":3821,"href":"https:\/\/sarooma.com\/fr\/wp-json\/wp\/v2\/pages\/3814\/revisions\/3821"}],"wp:attachment":[{"href":"https:\/\/sarooma.com\/fr\/wp-json\/wp\/v2\/media?parent=3814"}],"curies":[{"name":"wp","href":"https:\/\/api.w.org\/{rel}","templated":true}]}}