{"id":3827,"date":"2023-08-21T13:40:26","date_gmt":"2023-08-21T11:40:26","guid":{"rendered":"https:\/\/sarooma.com\/impressum\/"},"modified":"2024-12-02T14:55:21","modified_gmt":"2024-12-02T13:55:21","slug":"impressum","status":"publish","type":"page","link":"https:\/\/sarooma.com\/es\/impressum\/","title":{"rendered":"Impressum"},"content":{"rendered":"<p>[et_pb_section fb_built=\u00bb1&#8243; fullwidth=\u00bbon\u00bb _builder_version=\u00bb4.21.0&#8243; _module_preset=\u00bbdefault\u00bb background_color=\u00bbRGBA(255,255,255,0)\u00bb background_image=\u00bbhttps:\/\/sarooma.com\/wp-content\/uploads\/2023\/08\/Sarooma_Header_fullwidth.png\u00bb background_last_edited=\u00bbon|desktop\u00bb background_size_tablet=\u00bbcover\u00bb global_colors_info=\u00bb{}\u00bb][et_pb_fullwidth_slider _builder_version=\u00bb4.21.0&#8243; _module_preset=\u00bbdefault\u00bb header_level=\u00bbh3&#8243; header_text_color=\u00bbgcid-42090494-14ef-43e9-af1f-0dbac69361df\u00bb header_font_size=\u00bb40px\u00bb header_line_height=\u00bb1.5em\u00bb background_color=\u00bbRGBA(255,255,255,0)\u00bb width=\u00bb100%\u00bb max_width=\u00bb40%\u00bb max_width_tablet=\u00bb85%\u00bb max_width_phone=\u00bb100%\u00bb max_width_last_edited=\u00bbon|desktop\u00bb custom_margin=\u00bb0px|||80px|false|false\u00bb custom_margin_tablet=\u00bb|||20px|false|false\u00bb custom_margin_phone=\u00bb|||10px|false|false\u00bb custom_margin_last_edited=\u00bbon|desktop\u00bb custom_padding=\u00bb207px|0px|242px|0px|false|false\u00bb header_font_tablet=\u00bb\u00bb header_font_phone=\u00bb\u00bb header_font_last_edited=\u00bbon|phone\u00bb header_text_shadow_style=\u00bbpreset2&#8243; global_colors_info=\u00bb{%22gcid-42090494-14ef-43e9-af1f-0dbac69361df%22:%91%22header_text_color%22%93}\u00bb][et_pb_slide heading=\u00bbImpressum\u00bb _builder_version=\u00bb4.21.0&#8243; _module_preset=\u00bbdefault\u00bb header_level=\u00bbh1&#8243; header_font=\u00bb|600|||||||\u00bb header_text_align=\u00bbleft\u00bb header_text_color=\u00bbgcid-42090494-14ef-43e9-af1f-0dbac69361df\u00bb header_font_size=\u00bb40px\u00bb header_line_height=\u00bb1.5em\u00bb body_text_align=\u00bbleft\u00bb body_font_size=\u00bb25px\u00bb body_line_height=\u00bb1.2em\u00bb header_font_tablet=\u00bb|600|||||||\u00bb header_font_phone=\u00bb|600|||||||\u00bb header_font_last_edited=\u00bbon|desktop\u00bb header_text_shadow_style=\u00bbpreset2&#8243; global_colors_info=\u00bb{%22gcid-42090494-14ef-43e9-af1f-0dbac69361df%22:%91%22header_text_color%22%93}\u00bb sticky_transition=\u00bbon\u00bb][\/et_pb_slide][\/et_pb_fullwidth_slider][\/et_pb_section][et_pb_section fb_built=\u00bb1&#8243; _builder_version=\u00bb4.21.0&#8243; _module_preset=\u00bbdefault\u00bb global_colors_info=\u00bb{}\u00bb][et_pb_row _builder_version=\u00bb4.21.0&#8243; _module_preset=\u00bbdefault\u00bb global_colors_info=\u00bb{}\u00bb][et_pb_column type=\u00bb4_4&#8243; _builder_version=\u00bb4.21.0&#8243; _module_preset=\u00bbdefault\u00bb global_colors_info=\u00bb{}\u00bb][et_pb_text _builder_version=\u00bb4.21.0&#8243; _module_preset=\u00bbdefault\u00bb header_font=\u00bb|600|||||||\u00bb header_text_color=\u00bbgcid-c7cef4d5-0edc-43ec-b3a4-fd30db592458&#8243; global_colors_info=\u00bb{%22gcid-c7cef4d5-0edc-43ec-b3a4-fd30db592458%22:%91%22header_text_color%22%93}\u00bb]<\/p>\n<div id=\"headline\">\n<header>\n<h1>Editor \/ Redactor<\/h1>\n<\/header>\n<p>Proveedor del sitio web en el sentido de la Ley de Telemedios:<\/p>\n<p><strong>Sarooma GmbH<\/strong><br \/>Bauseweinallee 68d<br \/>81247 M\u00fcnchen<\/p>\n<p>089 &#8211; 244 187 060<br \/>www.sarooma.de<br \/><a href=\"mailto:info@sarooma.de\">info@sarooma.de<\/a><\/p>\n<p><strong>Gesch\u00e4ftsf\u00fchrer<\/strong><br \/>Florian Fordermaier<br \/>Michael Gill\u00e9<br \/>Jochen Schaal<\/p>\n<p>M\u00fcnchen, HRB 223243<br \/>USt-Id-Nr. DE304379764 <\/p>\n<p>&nbsp;<\/p>\n<h1>Contenido<\/h1>\n<p>Sarooma GmbH no asume ninguna responsabilidad por la actualidad, exactitud, integridad o calidad de la informaci\u00f3n facilitada. Las reclamaciones de responsabilidad contra Sarooma GmbH relativas a da\u00f1os materiales o inmateriales causados por el uso o no uso de la informaci\u00f3n facilitada o por el uso de informaci\u00f3n incorrecta o incompleta quedan fundamentalmente excluidas, a menos que existan pruebas de dolo o negligencia grave por parte de Sarooma GmbH. Todas las ofertas son sin compromiso y no vinculantes. Sarooma GmbH se reserva expresamente el derecho a modificar, completar o eliminar partes de las p\u00e1ginas o la oferta completa sin previo aviso o a suspender la publicaci\u00f3n temporal o definitivamente.   <\/p>\n<p>&nbsp;<\/p>\n<header>\n<h1>Dise\u00f1o web, realizaci\u00f3n t\u00e9cnica y programaci\u00f3n<\/h1>\n<p><strong>Die Neckarprinzen Kommunikation und Design GmbH<\/strong><br \/><span>Ferdinand-Braun-Stra\u00dfe 17<\/span><br \/><span>74074 Heilbronn<\/span><\/p>\n<p>Tel. +49 7131.919189-0<br \/>E-Mail: info(at)dieneckarprinzen.de<br \/>Web: <a href=\"http:\/\/www.dieneckarprinzen.de\">www.dieneckarprinzen.de<\/a> <\/p>\n<ul><\/ul>\n<\/header>\n<\/div>\n<p>[\/et_pb_text][et_pb_text _builder_version=\u00bb4.21.0&#8243; _module_preset=\u00bbdefault\u00bb header_font=\u00bb|600|||||||\u00bb header_text_color=\u00bbgcid-c7cef4d5-0edc-43ec-b3a4-fd30db592458&#8243; custom_margin=\u00bb38px|||||\u00bb hover_enabled=\u00bb0&#8243; global_colors_info=\u00bb{%22gcid-c7cef4d5-0edc-43ec-b3a4-fd30db592458%22:%91%22header_text_color%22%93}\u00bb theme_builder_area=\u00bbpost_content\u00bb sticky_enabled=\u00bb0&#8243;]<\/p>\n<div id=\"headline\">\n<header><\/header>\n<header>\n<h1>Fuentes de im\u00e1genes<\/h1>\n<p><strong>Iconos<\/strong><\/p>\n<ul>\n<li>Iconos Sociales (LinkedIn, Instagram, Facebook, Twitter\/X) &#8211; hecho por <a href=\"http:\/\/www.cybernetikz.com\/\" title=\"cybernetikz\">cybernetikz<\/a> de <a href=\"https:\/\/de.wordpress.org\/plugins\/easy-social-icons\/\" title=\"Easy Social Icons\">Easy Social Icons<\/a><\/li>\n<li>Otros iconos &#8211; por <a href=\"https:\/\/www.elegantthemes.com\/blog\/resources\/elegant-icon-font\" title=\"The Elegant Icon Font\">The Elegant Icon Font<\/a> de <a href=\"https:\/\/www.elegantthemes.com\/blog\/resources\/elegant-icon-font\" title=\"Elegant Themes\">Elegant Themes<\/a><\/li>\n<\/ul>\n<p>&nbsp;<\/p>\n<p><strong>Im\u00e1genes<\/strong><\/p>\n<ul>\n<li>\u00abAmplia sala de conferencias moderna &#8211; foto de stock\u00bb hecha por <a href=\"https:\/\/www.istockphoto.com\/de\/portfolio\/KatarzynaBialasiewicz?mediatype=photography\" title=\"Katarzyna Bialasiewicz\">Katarzyna Bialasiewicz<\/a> de <a href=\"https:\/\/www.istockphoto.com\/de\" title=\"iStock\">iStock<\/a>, Stock-Fotografie-ID: <span>638769550<\/span><\/li>\n<li>\u00abModerna sala de loft con pizarra en blanco 3d render &#8211; foto de stock\u00bb hecha por <a href=\"https:\/\/www.istockphoto.com\/de\/portfolio\/runna10?mediatype=photography\" title=\"runna10\">runna10<\/a> de\u00a0 <a href=\"https:\/\/www.istockphoto.com\/de\" title=\"iStock\">iStock<\/a>, Stock-Fotografie-ID: <span>1296677747<\/span><\/li>\n<li>\u00abAula con pupitres dobles y persianas interiores &#8211; foto de stock\u00bb hecha por <a href=\"https:\/\/www.istockphoto.com\/de\/portfolio\/Pixelci?mediatype=photography\" title=\"Pixelci\">Pixelci<\/a> de <a href=\"https:\/\/www.istockphoto.com\/de\" title=\"iStock\">iStock<\/a>, Stock-Fotografie-ID: <span>903100718<\/span><\/li>\n<li>\u00abEstaci\u00f3n de enfermer\u00eda &#8211; foto de stock\u00bb hecha por <a href=\"https:\/\/www.istockphoto.com\/de\/portfolio\/hxdbzxy?mediatype=photography\" title=\"hxdbzxy\">hxdbzxy<\/a> de <a href=\"https:\/\/www.istockphoto.com\/de\" title=\"iStock\">iStock<\/a>, Stock-Fotografie-ID: <span>522100021<\/span><\/li>\n<li>\u00abInterior de un jard\u00edn de infancia Montessori &#8211; foto de stock<br \/>\u00bb hecha por <a href=\"https:\/\/www.istockphoto.com\/de\/portfolio\/rilueda?mediatype=photography\" title=\"rilueda\">rilueda<\/a> de <a href=\"https:\/\/www.istockphoto.com\/de\" title=\"iStock\">iStock<\/a>, Stock-Fotografie-ID: <span>1430011274<\/span><\/li>\n<li>\u00abSala de conferencias &#8211; foto de stock\u00bb hecha por <a href=\"https:\/\/www.istockphoto.com\/de\/portfolio\/steamaze?mediatype=photography\" title=\"steamaze\">steamaze<\/a> de <a href=\"https:\/\/www.istockphoto.com\/de\" title=\"iStock\">iStock<\/a>, Stock-Fotografie-ID: <span>1170914100<\/span><\/li>\n<li>\u00ab3D render de cafetaria y restaurante &#8211; foto de stock\u00bb hecha por <a href=\"https:\/\/www.istockphoto.com\/de\/portfolio\/Explora_2005?mediatype=photography\" title=\"Explora_2005\">Explora_2005<\/a> de <a href=\"https:\/\/www.istockphoto.com\/de\" title=\"iStock\">iStock<\/a>, Stock-Fotografie-ID: <span>1214780422<\/span><\/li>\n<li>\u00abJoven empresario o arquitecto con el modelo de una casa de pie en los trabajos de oficina. &#8211; Foto de stock\u00bb hecha por <a href=\"https:\/\/www.istockphoto.com\/de\/search\/photographer?photographer=Halfpoint&amp;assettype=image&amp;family=creative\" title=\"Halfpoint\">Halfpoint<\/a> <a href=\"https:\/\/www.istockphoto.com\/de\/portfolio\/Explora_2005?mediatype=photography\" title=\"Explora_2005\"><\/a>de <a href=\"https:\/\/www.istockphoto.com\/de\" title=\"iStock\">iStock<\/a>, Stock-Fotografie-ID: <span>1147261305<\/span><\/li>\n<li>\u00abMujer de negocios elegante y segura y hombre de negocios trabajando en un proyecto, el hombre sostiene el ordenador port\u00e1til, hacen referencia a \u00e9l. En el fondo moderno y luminoso Instalaci\u00f3n. Low angle &#8211; stock photo\u00bb hecha por <a href=\"https:\/\/www.istockphoto.com\/de\/portfolio\/gorodenkoff?mediatype=photography\" title=\"gorodenkoff\">gorodenkoff<\/a>\u00a0<a href=\"https:\/\/www.istockphoto.com\/de\/portfolio\/Explora_2005?mediatype=photography\" title=\"Explora_2005\"><\/a>de <a href=\"https:\/\/www.istockphoto.com\/de\" title=\"iStock\">iStock<\/a>, Stock-Fotografie-ID: <span>1173740593<\/span><\/li>\n<li>\u00abMateriales de panel ac\u00fastico sobre fondo blanco &#8211; foto de stock<br \/>\u00bb hecha por <a href=\"https:\/\/www.istockphoto.com\/de\/portfolio\/Baitong333?mediatype=photography\" title=\"Baitong333\">Baitong333<\/a> de <a href=\"https:\/\/www.istockphoto.com\/de\" title=\"iStock\">iStock<\/a>, Stock-Fotografie-ID: <span>1160880182<\/span><\/li>\n<li>\u00abVideo Conferencia Entrevista en l\u00ednea llamada de negocios &#8211; Foto de Stock\u00bb hecha por <a href=\"https:\/\/www.istockphoto.com\/de\/portfolio\/AndreyPopov?mediatype=photography\" title=\"AndreyPopov\">AndreyPopov<\/a> de\u00a0 <a href=\"https:\/\/www.istockphoto.com\/de\" title=\"iStock\">iStock<\/a>, Stock-Fotografie-ID: <span>1283277714<\/span><\/li>\n<li>\u00abIlustraci\u00f3n de fondo comunicaci\u00f3n, contacto, red &#8211; ilustraci\u00f3n vectorial\u00bb hecha por <a href=\"https:\/\/www.istockphoto.com\/de\/portfolio\/Maha1450?mediatype=illustration\" title=\"Maha1450\">Maha1450<\/a> de <a href=\"https:\/\/www.istockphoto.com\/de\" title=\"iStock\">iStock<\/a>, Stock-Fotografie-ID: <span>1415992693<\/span><\/li>\n<li>\u00abTemprano por la ma\u00f1ana en la oficina &#8211; foto de stock\u00bb hecha por <a href=\"https:\/\/www.istockphoto.com\/de\/portfolio\/enginakyurt11?mediatype=photography\" title=\"enginakyurt11\">enginakyurt11<\/a> de <a href=\"https:\/\/www.istockphoto.com\/de\" title=\"iStock\">iStock<\/a>, Stock-Fotografie-ID: <span>687117272<\/span><\/li>\n<li>\u00abTrabajo en equipo, la diversidad y los gerentes de ventas planificar ideas de marca con un dise\u00f1ador creativo en un ordenador port\u00e1til en la oficina. Logotipo, colaboraci\u00f3n y hombre de negocios hablando con un empleado sobre un proyecto de desarrollo &#8211; foto de stock\u00bb hecha por <a href=\"https:\/\/www.istockphoto.com\/de\/portfolio\/shapecharge?mediatype=photography\" title=\"shapecharge\">shapecharge<\/a> de\u00a0 <a href=\"https:\/\/www.istockphoto.com\/de\" title=\"iStock\">iStock<\/a>, Stock-Fotografie-ID: <span>1434116614<\/span><\/li>\n<li>\u00abHombre de negocios y mujer de negocios sonriendo mirando el tel\u00e9fono &#8211; foto de stock\u00bb hecha por <a href=\"https:\/\/www.istockphoto.com\/de\/portfolio\/mixetto?mediatype=photography\" title=\"mixetto\">mixetto<\/a> de <a href=\"https:\/\/www.istockphoto.com\/de\" title=\"iStock\">iStock<\/a>, Stock-Fotografie-ID: <span>1356070782<\/span><\/li>\n<li>\u00abMujer profesional trabajando desde casa &#8211; foto de stock\u00bb hecha por <a href=\"https:\/\/www.istockphoto.com\/de\/portfolio\/demaerre?mediatype=photography\" title=\"demaerre\">demaerre<\/a> de <a href=\"https:\/\/www.istockphoto.com\/de\" title=\"iStock\">iStock<\/a>, Stock-Fotografie-ID: <span>1319189527<\/span><\/li>\n<li>\u00abVector creativo ilustraci\u00f3n de avatar perfil est\u00e1ndar marcador de posici\u00f3n aislados en el fondo. Arte dise\u00f1o gris foto plantilla en blanco maqueta. T\u00e9rmino abstracto elemento gr\u00e1fico &#8211; ilustraci\u00f3n vectorial\u00bb hecha por <a href=\"https:\/\/www.istockphoto.com\/de\/portfolio\/Happy_vector?mediatype=illustration\" title=\"Happy_vector\">Happy_vector<\/a> de <a href=\"https:\/\/www.istockphoto.com\/de\" title=\"iStock\">iStock<\/a>, Stock-Fotografie-ID: <span>1008005840<\/span><\/li>\n<\/ul>\n<\/header>\n<\/div>\n<p>[\/et_pb_text][\/et_pb_column][\/et_pb_row][\/et_pb_section]<\/p>\n","protected":false},"excerpt":{"rendered":"<p>Editor \/ Redactor Proveedor del sitio web en el sentido de la Ley de Telemedios: Sarooma GmbHBauseweinallee 68d81247 M\u00fcnchen 089 &#8211; 244 187 060www.sarooma.deinfo@sarooma.de Gesch\u00e4ftsf\u00fchrerFlorian FordermaierMichael Gill\u00e9Jochen Schaal M\u00fcnchen, HRB 223243USt-Id-Nr. DE304379764 &nbsp; Contenido Sarooma GmbH no asume ninguna responsabilidad por la actualidad, exactitud, integridad o calidad de la informaci\u00f3n facilitada. Las reclamaciones de responsabilidad [&hellip;]<\/p>\n","protected":false},"author":2,"featured_media":0,"parent":0,"menu_order":0,"comment_status":"closed","ping_status":"closed","template":"","meta":{"_et_pb_use_builder":"on","_et_pb_old_content":"","_et_gb_content_width":"","footnotes":""},"class_list":["post-3827","page","type-page","status-publish","hentry"],"_links":{"self":[{"href":"https:\/\/sarooma.com\/es\/wp-json\/wp\/v2\/pages\/3827","targetHints":{"allow":["GET"]}}],"collection":[{"href":"https:\/\/sarooma.com\/es\/wp-json\/wp\/v2\/pages"}],"about":[{"href":"https:\/\/sarooma.com\/es\/wp-json\/wp\/v2\/types\/page"}],"author":[{"embeddable":true,"href":"https:\/\/sarooma.com\/es\/wp-json\/wp\/v2\/users\/2"}],"replies":[{"embeddable":true,"href":"https:\/\/sarooma.com\/es\/wp-json\/wp\/v2\/comments?post=3827"}],"version-history":[{"count":3,"href":"https:\/\/sarooma.com\/es\/wp-json\/wp\/v2\/pages\/3827\/revisions"}],"predecessor-version":[{"id":3836,"href":"https:\/\/sarooma.com\/es\/wp-json\/wp\/v2\/pages\/3827\/revisions\/3836"}],"wp:attachment":[{"href":"https:\/\/sarooma.com\/es\/wp-json\/wp\/v2\/media?parent=3827"}],"curies":[{"name":"wp","href":"https:\/\/api.w.org\/{rel}","templated":true}]}}