{"id":3811,"date":"2023-08-21T13:45:09","date_gmt":"2023-08-21T11:45:09","guid":{"rendered":"https:\/\/sarooma.com\/proteccion-de-datos\/"},"modified":"2024-12-02T10:07:51","modified_gmt":"2024-12-02T09:07:51","slug":"proteccion-de-datos","status":"publish","type":"page","link":"https:\/\/sarooma.com\/es\/proteccion-de-datos\/","title":{"rendered":"Protecci\u00f3n de datos"},"content":{"rendered":"<p>[et_pb_section fb_built=\u00bb1&#8243; fullwidth=\u00bbon\u00bb _builder_version=\u00bb4.21.0&#8243; _module_preset=\u00bbdefault\u00bb background_color=\u00bbRGBA(255,255,255,0)\u00bb background_image=\u00bbhttps:\/\/sarooma.com\/wp-content\/uploads\/2023\/08\/Sarooma_Header_fullwidth.png\u00bb background_last_edited=\u00bbon|desktop\u00bb background_size_tablet=\u00bbcover\u00bb global_colors_info=\u00bb{}\u00bb][et_pb_fullwidth_slider _builder_version=\u00bb4.21.0&#8243; _module_preset=\u00bbdefault\u00bb header_level=\u00bbh3&#8243; header_text_color=\u00bbgcid-42090494-14ef-43e9-af1f-0dbac69361df\u00bb header_font_size=\u00bb40px\u00bb header_line_height=\u00bb1.5em\u00bb background_color=\u00bbRGBA(255,255,255,0)\u00bb width=\u00bb100%\u00bb max_width=\u00bb40%\u00bb max_width_tablet=\u00bb85%\u00bb max_width_phone=\u00bb100%\u00bb max_width_last_edited=\u00bbon|desktop\u00bb custom_margin=\u00bb0px|||80px|false|false\u00bb custom_margin_tablet=\u00bb|||20px|false|false\u00bb custom_margin_phone=\u00bb|||10px|false|false\u00bb custom_margin_last_edited=\u00bbon|desktop\u00bb custom_padding=\u00bb207px|0px|242px|0px|false|false\u00bb header_font_tablet=\u00bb\u00bb header_font_phone=\u00bb\u00bb header_font_last_edited=\u00bbon|phone\u00bb header_text_shadow_style=\u00bbpreset2&#8243; global_colors_info=\u00bb{%22gcid-42090494-14ef-43e9-af1f-0dbac69361df%22:%91%22header_text_color%22%93}\u00bb][et_pb_slide heading=\u00bbProtecci\u00f3n de datos\u00bb _builder_version=\u00bb4.21.0&#8243; _module_preset=\u00bbdefault\u00bb header_level=\u00bbh1&#8243; header_font=\u00bb|600|||||||\u00bb header_text_align=\u00bbleft\u00bb header_text_color=\u00bbgcid-42090494-14ef-43e9-af1f-0dbac69361df\u00bb header_font_size=\u00bb40px\u00bb header_line_height=\u00bb1.5em\u00bb body_text_align=\u00bbleft\u00bb body_font_size=\u00bb25px\u00bb body_line_height=\u00bb1.2em\u00bb header_font_tablet=\u00bb|600|||||||\u00bb header_font_phone=\u00bb|600|||||||\u00bb header_font_last_edited=\u00bbon|desktop\u00bb header_text_shadow_style=\u00bbpreset2&#8243; global_colors_info=\u00bb{%22gcid-42090494-14ef-43e9-af1f-0dbac69361df%22:%91%22header_text_color%22%93}\u00bb sticky_transition=\u00bbon\u00bb][\/et_pb_slide][\/et_pb_fullwidth_slider][\/et_pb_section][et_pb_section fb_built=\u00bb1&#8243; _builder_version=\u00bb4.21.0&#8243; _module_preset=\u00bbdefault\u00bb global_colors_info=\u00bb{}\u00bb][et_pb_row _builder_version=\u00bb4.21.0&#8243; _module_preset=\u00bbdefault\u00bb global_colors_info=\u00bb{}\u00bb][et_pb_column type=\u00bb4_4&#8243; _builder_version=\u00bb4.21.0&#8243; _module_preset=\u00bbdefault\u00bb global_colors_info=\u00bb{}\u00bb][et_pb_text _builder_version=\u00bb4.21.0&#8243; _module_preset=\u00bbdefault\u00bb text_text_color=\u00bbgcid-a1f03211-4ce9-443a-b88f-04233c269f8d\u00bb header_font=\u00bb|600|||||||\u00bb header_text_color=\u00bbgcid-c7cef4d5-0edc-43ec-b3a4-fd30db592458&#8243; global_colors_info=\u00bb{%22gcid-c7cef4d5-0edc-43ec-b3a4-fd30db592458%22:%91%22header_text_color%22,%22header_text_color%22%93,%22gcid-a1f03211-4ce9-443a-b88f-04233c269f8d%22:%91%22text_text_color%22%93}\u00bb]<\/p>\n<h1>Protecci\u00f3n de datos<\/h1>\n<header><strong><\/strong> <\/p>\n<p><strong>Pol\u00edtica de privacidad en formato PDF<\/strong> <\/p>\n<\/header>\n<p>[\/et_pb_text][et_pb_blurb title=\u00bbPol\u00edtica de privacidad para el uso de la p\u00e1gina de inicio\u00bb url=\u00bbhttps:\/\/sarooma.com\/wp-content\/uploads\/2023\/10\/2309_Data_protection_declaration_for_the_use_of_the_website.pdf\u00bb url_new_window=\u00bbon\u00bb use_icon=\u00bbon\u00bb font_icon=\u00bb&#xf1c1;||fa||400&#8243; icon_placement=\u00bbleft\u00bb image_icon_width=\u00bb40px\u00bb _builder_version=\u00bb4.21.0&#8243; _module_preset=\u00bbdefault\u00bb header_text_color=\u00bbgcid-a1f03211-4ce9-443a-b88f-04233c269f8d\u00bb header_font_size=\u00bb16px\u00bb body_text_color=\u00bbgcid-a1f03211-4ce9-443a-b88f-04233c269f8d\u00bb custom_margin=\u00bb||||false|false\u00bb custom_padding=\u00bb|450px||0px|false|false\u00bb hover_enabled=\u00bb0&#8243; custom_css_blurb_title=\u00bbmargin-top: 12px;||padding-left: 0px;\u00bb global_colors_info=\u00bb{%22gcid-a1f03211-4ce9-443a-b88f-04233c269f8d%22:%91%22header_text_color%22,%22body_text_color%22%93}\u00bb sticky_enabled=\u00bb0&#8243;][\/et_pb_blurb][\/et_pb_column][\/et_pb_row][et_pb_row _builder_version=\u00bb4.21.0&#8243; _module_preset=\u00bbdefault\u00bb global_colors_info=\u00bb{}\u00bb][et_pb_column type=\u00bb4_4&#8243; _builder_version=\u00bb4.21.0&#8243; _module_preset=\u00bbdefault\u00bb global_colors_info=\u00bb{}\u00bb][et_pb_text _builder_version=\u00bb4.21.0&#8243; _module_preset=\u00bbdefault\u00bb text_text_color=\u00bbgcid-a1f03211-4ce9-443a-b88f-04233c269f8d\u00bb header_font=\u00bb|600|||||||\u00bb header_text_color=\u00bbgcid-c7cef4d5-0edc-43ec-b3a4-fd30db592458&#8243; global_colors_info=\u00bb{%22gcid-c7cef4d5-0edc-43ec-b3a4-fd30db592458%22:%91%22header_text_color%22,%22header_text_color%22%93,%22gcid-a1f03211-4ce9-443a-b88f-04233c269f8d%22:%91%22text_text_color%22%93}\u00bb]<\/p>\n<h1>M\u00e1s informaci\u00f3n jur\u00eddica<\/h1>\n<header>\n<h3 class=\"\"><\/h3>\n<p>&nbsp;<\/p>\n<p><strong>An\u00e1lisis web con MATOMO Analytics<\/strong><\/p>\n<p>En este sitio web, los datos se recopilan y almacenan utilizando el software de servicio de an\u00e1lisis web Matomo (www.matomo.org), un servicio prestado por InnoCraft Ltd, 150 Willis St, 6011 Wellington, Nueva Zelanda, (\u00abMatomo\u00bb) sobre la base de nuestro inter\u00e9s leg\u00edtimo en el an\u00e1lisis estad\u00edstico del comportamiento del usuario con fines de optimizaci\u00f3n y marketing de conformidad con el art. 6, p\u00e1rr. 1 lit. f GDPR. A partir de estos datos pueden crearse y evaluarse perfiles de usuario seudonimizados con el mismo fin.<\/p>\n<\/header>\n<p><span><p id=\"matomo_opted_out_intro\" style=\"display:none;\">Opt-out completado; sus visitas a este sitio de internet no ser\u00e1n grabadas por la herramienta de An\u00e1lisis de internet. Tenga en cuenta que si elimina sus cookies, elimina la cookie opt-out, o si cambia de ordenador o navegador, deber\u00e1 llevar a cabo el procedimiento opt-out otra vez.<\/p><p id=\"matomo_opted_in_intro\" >Puede optar por evitar que este sitio web agregue y analice las acciones que realiza aqu\u00ed. Al hacerlo, proteger\u00e1 su privacidad, pero tambi\u00e9n evitar\u00e1 que el propietario aprenda de sus acciones y cree una mejor experiencia para usted y dem\u00e1s usuarios.<\/p><form>\n        <input type=\"checkbox\" id=\"matomo_optout_checkbox\" checked=\"checked\"\/>\n        <label for=\"matomo_optout_checkbox\"><strong>\n        <span id=\"matomo_opted_in_label\" >No est\u00e1 excluido. Desactive esta casilla para no participar.<\/span>\n\t\t<span id=\"matomo_opted_out_label\" style=\"display:none;\">Actualmente est\u00e1 siendo excluido. Marque esta casilla para adherirse.<\/span>\n        <\/strong><\/label><\/form><noscript><p><strong style=\"color: #ff0000;\">This opt out feature requires JavaScript.<\/strong><\/p><\/noscript><p id=\"matomo_outout_err_cookies\" style=\"display: none;\"><strong>La caracter\u00edstica de seguimiento opt-out requiere de cookies para poder habilitarla.<\/strong><\/p><\/span><\/p>\n<p><span><\/span><\/p>\n<p>&nbsp;<\/p>\n<p><strong>Referencias y enlaces<\/strong><\/p>\n<p>En el caso de referencias directas o indirectas a p\u00e1ginas web externas (\u00abhiperv\u00ednculos\u00bb) que se encuentren fuera del \u00e1mbito de responsabilidad de Sarooma GmbH, s\u00f3lo entrar\u00eda en vigor una obligaci\u00f3n de responsabilidad en el caso de que Sarooma GmbH tuviera conocimiento de los contenidos y le fuera t\u00e9cnicamente posible y razonable impedir el uso en caso de contenidos ilegales. Por la presente, Sarooma GmbH declara expresamente que en el momento de la creaci\u00f3n de los enlaces no era reconocible ning\u00fan contenido ilegal en las p\u00e1ginas enlazadas. Sarooma GmbH no tiene influencia alguna sobre el dise\u00f1o actual y futuro, los contenidos o la autor\u00eda de las p\u00e1ginas enlazadas. Por ello, Sarooma GmbH se distancia expresamente de todos los contenidos de todas las p\u00e1ginas enlazadas que hayan sido modificados despu\u00e9s de la creaci\u00f3n del enlace. Esta declaraci\u00f3n se aplica a todos los enlaces y referencias establecidos dentro del propio sitio web de Sarooma GmbH, as\u00ed como a las entradas de terceros en libros de visitas, foros de discusi\u00f3n, directorios de enlaces, listas de correo y todas las dem\u00e1s formas de bases de datos creadas por Sarooma GmbH a cuyo contenido sea posible acceder mediante escritura externa. La responsabilidad por contenidos ilegales, incorrectos o incompletos y, en particular, por los da\u00f1os derivados del uso o no uso de dicha informaci\u00f3n recae exclusivamente en el proveedor de la p\u00e1gina a la que se hace referencia y no en la persona que simplemente remite a la publicaci\u00f3n respectiva a trav\u00e9s de enlaces.<\/p>\n<p>&nbsp;<\/p>\n<p><strong>Derechos de autor y etiquetado<\/strong><\/p>\n<p>Todas las marcas y nombres comerciales mencionados en el sitio web y posiblemente protegidos por terceros est\u00e1n sujetos sin restricciones a las disposiciones de la legislaci\u00f3n aplicable en materia de marcas y a los derechos de propiedad de los respectivos propietarios registrados. La mera menci\u00f3n de una marca no implica que no est\u00e9 protegida por derechos de terceros. Los derechos de autor de los objetos publicados y creados por el propio autor pertenecen exclusivamente al autor de las p\u00e1ginas. Queda prohibida la reproducci\u00f3n o utilizaci\u00f3n de objetos como diagramas, sonidos o textos en otras publicaciones electr\u00f3nicas o impresas sin el consentimiento del autor.<\/p>\n<p>&nbsp;<\/p>\n<p><strong>Validez jur\u00eddica de esta cl\u00e1usula de exenci\u00f3n de responsabilidad<\/strong><\/p>\n<p>Esta exenci\u00f3n de responsabilidad debe considerarse parte de la publicaci\u00f3n en Internet desde la que se le ha remitido. Si algunas secciones o t\u00e9rminos individuales de esta declaraci\u00f3n no son legales o correctos, el contenido o la validez de las otras partes no se ver\u00e1n afectados por este hecho.<\/p>\n<p>&nbsp;<\/p>\n<p>[\/et_pb_text][\/et_pb_column][\/et_pb_row][\/et_pb_section]<\/p>\n","protected":false},"excerpt":{"rendered":"<p>Protecci\u00f3n de datos Pol\u00edtica de privacidad en formato PDF M\u00e1s informaci\u00f3n jur\u00eddica &nbsp; An\u00e1lisis web con MATOMO Analytics En este sitio web, los datos se recopilan y almacenan utilizando el software de servicio de an\u00e1lisis web Matomo (www.matomo.org), un servicio prestado por InnoCraft Ltd, 150 Willis St, 6011 Wellington, Nueva Zelanda, (\u00abMatomo\u00bb) sobre la base [&hellip;]<\/p>\n","protected":false},"author":2,"featured_media":0,"parent":0,"menu_order":0,"comment_status":"closed","ping_status":"closed","template":"","meta":{"_et_pb_use_builder":"on","_et_pb_old_content":"","_et_gb_content_width":"","footnotes":""},"class_list":["post-3811","page","type-page","status-publish","hentry"],"_links":{"self":[{"href":"https:\/\/sarooma.com\/es\/wp-json\/wp\/v2\/pages\/3811","targetHints":{"allow":["GET"]}}],"collection":[{"href":"https:\/\/sarooma.com\/es\/wp-json\/wp\/v2\/pages"}],"about":[{"href":"https:\/\/sarooma.com\/es\/wp-json\/wp\/v2\/types\/page"}],"author":[{"embeddable":true,"href":"https:\/\/sarooma.com\/es\/wp-json\/wp\/v2\/users\/2"}],"replies":[{"embeddable":true,"href":"https:\/\/sarooma.com\/es\/wp-json\/wp\/v2\/comments?post=3811"}],"version-history":[{"count":4,"href":"https:\/\/sarooma.com\/es\/wp-json\/wp\/v2\/pages\/3811\/revisions"}],"predecessor-version":[{"id":3819,"href":"https:\/\/sarooma.com\/es\/wp-json\/wp\/v2\/pages\/3811\/revisions\/3819"}],"wp:attachment":[{"href":"https:\/\/sarooma.com\/es\/wp-json\/wp\/v2\/media?parent=3811"}],"curies":[{"name":"wp","href":"https:\/\/api.w.org\/{rel}","templated":true}]}}