{"id":3615,"date":"2023-06-19T12:46:19","date_gmt":"2023-06-19T10:46:19","guid":{"rendered":"https:\/\/sarooma.com\/contacta-con-nosotros\/"},"modified":"2025-04-24T12:00:47","modified_gmt":"2025-04-24T10:00:47","slug":"contacta-con-nosotros","status":"publish","type":"page","link":"https:\/\/sarooma.com\/es\/contacta-con-nosotros\/","title":{"rendered":"Contacta con nosotros"},"content":{"rendered":"<p>[et_pb_section fb_built=\u00bb1&#8243; _builder_version=\u00bb4.21.0&#8243; _module_preset=\u00bbdefault\u00bb custom_margin=\u00bb0px||0px||true|false\u00bb custom_padding=\u00bb0px||0px||true|false\u00bb global_colors_info=\u00bb{}\u00bb locked=\u00bboff\u00bb][et_pb_row _builder_version=\u00bb4.21.0&#8243; _module_preset=\u00bbdefault\u00bb custom_margin=\u00bb0px|28px|0px|auto|true|false\u00bb custom_padding=\u00bb0px|0px|0px||true|false\u00bb locked=\u00bboff\u00bb global_colors_info=\u00bb{}\u00bb][et_pb_column type=\u00bb4_4&#8243; _builder_version=\u00bb4.21.0&#8243; _module_preset=\u00bbdefault\u00bb global_colors_info=\u00bb{}\u00bb][et_pb_code _builder_version=\u00bb4.21.0&#8243; _module_preset=\u00bbdefault\u00bb text_orientation=\u00bbcenter\u00bb custom_margin=\u00bb10px|0px|||false|false\u00bb custom_padding=\u00bb0px||0px||false|false\u00bb global_colors_info=\u00bb{}\u00bb]<ul id=\"\" class=\"cnss-social-icon \" style=\"text-align:right; text-align:-webkit-right; align-self:end; margin: 0 auto;\">\t\t<li class=\"cn-fa-linkedin cn-fa-icon \" style=\"display:inline-block;\"><a class=\"\" target=\"_blank\" href=\"https:\/\/linkedin.com\/company\/sarooma-gmbh\" title=\"linkedin\" style=\"width:30px;height:30px;padding:5px 0;margin:5px;color: #2b3a72;border-radius: 10%;\"><i title=\"linkedin\" style=\"font-size:20px;\" class=\"fab fa-linkedin-in\"><\/i><\/a><\/li>\t\t<li class=\"cn-fa-instagram cn-fa-icon \" style=\"display:inline-block;\"><a class=\"\" target=\"_blank\" href=\"https:\/\/www.instagram.com\/sarooma.gmbh\/\" title=\"instagram\" style=\"width:30px;height:30px;padding:5px 0;margin:5px;color: #2b3a72;border-radius: 10%;\"><i title=\"instagram\" style=\"font-size:20px;\" class=\"fab fa-instagram\"><\/i><\/a><\/li>\t\t<li class=\"cn-fa-facebook cn-fa-icon \" style=\"display:inline-block;\"><a class=\"\" target=\"_blank\" href=\"https:\/\/www.facebook.com\/SaroomaGmbH\/\" title=\"facebook\" style=\"width:30px;height:30px;padding:5px 0;margin:5px;color: #2b3a72;border-radius: 10%;\"><i title=\"facebook\" style=\"font-size:20px;\" class=\"fab fa-facebook-f\"><\/i><\/a><\/li><\/ul>\r\n\t\r\n\t[\/et_pb_code][et_pb_text _builder_version=\u00bb4.21.0&#8243; _module_preset=\u00bbdefault\u00bb background_color=\u00bbRGBA(255,255,255,0)\u00bb custom_margin=\u00bb-50px|8px|0px||false|false\u00bb custom_padding=\u00bb0px||0px||false|false\u00bb custom_css_main_element=\u00bb.newsletter-button{background:#e6e6e6}||.newsletter-button{color:#2b3a72}||.newsletter-button:hover{background:#2b3a72}||.newsletter-button:hover{color:#e6e6e6}||.newsletter-button{padding-top: 5px}||.newsletter-button{padding-bottom: 5px}||.newsletter-button{padding-right: 10px}||.newsletter-button{padding-left: 10px}||.newsletter-button{font-size:16px}||.newsletter-button{font-family:default}||.newsletter-button{font-weight:bold}||.newsletter-button{letter-spacing:0.2px}||.newsletter-button{border: hidden}||.newsletter-button{border-radius:5px}||.newsletter-button{cursor:pointer}\u00bb locked=\u00bboff\u00bb global_colors_info=\u00bb{}\u00bb]<\/p>\n<p style=\"text-align: right;\"><button class=\"rm-open-popup newsletter-button\">Newsletter<\/button><\/p>\n<p>[\/et_pb_text][\/et_pb_column][\/et_pb_row][\/et_pb_section][et_pb_section fb_built=\u00bb1&#8243; fullwidth=\u00bbon\u00bb _builder_version=\u00bb4.21.0&#8243; _module_preset=\u00bbdefault\u00bb background_color=\u00bbgcid-c7cef4d5-0edc-43ec-b3a4-fd30db592458&#8243; background_image=\u00bbhttps:\/\/sarooma.com\/wp-content\/uploads\/2023\/12\/Sarooma-RaumakustiK_Kontakt.png\u00bb background_blend=\u00bbsoft-light\u00bb custom_margin=\u00bb-100px||||false|false\u00bb background_last_edited=\u00bbon|phone\u00bb background_size_tablet=\u00bbcover\u00bb background_position_tablet=\u00bbtop_right\u00bb background_horizontal_offset_tablet=\u00bb57%\u00bb background_horizontal_offset_phone=\u00bb55%\u00bb background_vertical_offset_tablet=\u00bb0%\u00bb global_colors_info=\u00bb{%22gcid-c7cef4d5-0edc-43ec-b3a4-fd30db592458%22:%91%22background_color%22%93}\u00bb][et_pb_fullwidth_slider _builder_version=\u00bb4.21.0&#8243; _module_preset=\u00bbdefault\u00bb background_color=\u00bbRGBA(255,255,255,0)\u00bb width=\u00bb100%\u00bb max_width=\u00bb31%\u00bb max_width_tablet=\u00bb85%\u00bb max_width_phone=\u00bb85%\u00bb max_width_last_edited=\u00bbon|desktop\u00bb custom_margin=\u00bb0px|||80px|false|false\u00bb custom_margin_tablet=\u00bb|||20px|false|false\u00bb custom_margin_phone=\u00bb|||10px|false|false\u00bb custom_margin_last_edited=\u00bbon|desktop\u00bb custom_padding=\u00bb207px|0px|242px|0px|false|false\u00bb global_colors_info=\u00bb{}\u00bb][et_pb_slide heading=\u00bbContacte con nosotros\u00bb _builder_version=\u00bb4.21.0&#8243; _module_preset=\u00bbdefault\u00bb header_level=\u00bbh1&#8243; header_font=\u00bb|600|||||||\u00bb header_text_align=\u00bbleft\u00bb header_text_color=\u00bbgcid-42090494-14ef-43e9-af1f-0dbac69361df\u00bb header_font_size=\u00bb40px\u00bb header_line_height=\u00bb1.5em\u00bb body_text_align=\u00bbleft\u00bb body_font_size=\u00bb25px\u00bb body_line_height=\u00bb1.2em\u00bb header_text_shadow_style=\u00bbpreset2&#8243; global_colors_info=\u00bb{%22gcid-42090494-14ef-43e9-af1f-0dbac69361df%22:%91%22header_text_color%22%93}\u00bb sticky_transition=\u00bbon\u00bb][\/et_pb_slide][\/et_pb_fullwidth_slider][\/et_pb_section][et_pb_section fb_built=\u00bb1&#8243; _builder_version=\u00bb4.21.0&#8243; _module_preset=\u00bbdefault\u00bb custom_margin=\u00bb||-165px|||\u00bb custom_padding=\u00bb||0px|||\u00bb global_colors_info=\u00bb{}\u00bb][et_pb_row column_structure=\u00bb3_5,2_5&#8243; _builder_version=\u00bb4.21.0&#8243; _module_preset=\u00bbdefault\u00bb width=\u00bb84.8%\u00bb custom_margin=\u00bb-172px|auto||auto||\u00bb global_colors_info=\u00bb{}\u00bb][et_pb_column type=\u00bb3_5&#8243; _builder_version=\u00bb4.21.0&#8243; _module_preset=\u00bbdefault\u00bb global_colors_info=\u00bb{}\u00bb][et_pb_cta button_text=\u00bbClics\u00bb _builder_version=\u00bb4.21.0&#8243; _module_preset=\u00bbdefault\u00bb header_level=\u00bbh5&#8243; header_text_color=\u00bbgcid-42090494-14ef-43e9-af1f-0dbac69361df\u00bb header_font_size=\u00bb22px\u00bb header_line_height=\u00bb1.4em\u00bb body_text_color=\u00bbgcid-c7cef4d5-0edc-43ec-b3a4-fd30db592458&#8243; body_font_size=\u00bb21px\u00bb body_line_height=\u00bb1.5em\u00bb background_color=\u00bbgcid-42090494-14ef-43e9-af1f-0dbac69361df\u00bb text_orientation=\u00bbleft\u00bb min_height=\u00bb216.1px\u00bb custom_padding=\u00bb54px||39px|||\u00bb animation_style=\u00bbslide\u00bb animation_direction=\u00bbbottom\u00bb animation_delay=\u00bb100ms\u00bb animation_intensity_slide=\u00bb20%\u00bb border_width_all=\u00bb1px\u00bb border_color_all=\u00bbgcid-a1f03211-4ce9-443a-b88f-04233c269f8d\u00bb box_shadow_style=\u00bbpreset2&#8243; global_colors_info=\u00bb{%22gcid-c7cef4d5-0edc-43ec-b3a4-fd30db592458%22:%91%22header_2_text_color%22,%22header_text_color%22,%22body_text_color%22%93,%22gcid-42090494-14ef-43e9-af1f-0dbac69361df%22:%91%22header_text_color%22,%22background_color%22%93,%22gcid-a1f03211-4ce9-443a-b88f-04233c269f8d%22:%91%22border_color_all%22%93}\u00bb]<\/p>\n<p>\u00bfTiene preguntas sobre nuestras aplicaciones o servicios?<\/p>\n<p>P\u00f3ngase en contacto con nosotros. En <strong>Sarooma<\/strong> estaremos encantados de ayudarle.<\/p>\n<p>[\/et_pb_cta][\/et_pb_column][et_pb_column type=\u00bb2_5&#8243; _builder_version=\u00bb4.21.0&#8243; _module_preset=\u00bbdefault\u00bb global_colors_info=\u00bb{}\u00bb][\/et_pb_column][\/et_pb_row][et_pb_row _builder_version=\u00bb4.21.0&#8243; _module_preset=\u00bbdefault\u00bb custom_margin=\u00bb20px||||false|false\u00bb custom_margin_tablet=\u00bb-50px||||false|false\u00bb custom_margin_phone=\u00bb-60px||-20px||false|false\u00bb custom_margin_last_edited=\u00bbon|phone\u00bb global_colors_info=\u00bb{}\u00bb][et_pb_column type=\u00bb4_4&#8243; _builder_version=\u00bb4.21.0&#8243; _module_preset=\u00bbdefault\u00bb global_colors_info=\u00bb{}\u00bb][et_pb_text _builder_version=\u00bb4.21.0&#8243; _module_preset=\u00bbdefault\u00bb header_text_color=\u00bbgcid-c7cef4d5-0edc-43ec-b3a4-fd30db592458&#8243; header_font_size=\u00bb45px\u00bb header_line_height=\u00bb1.4em\u00bb header_2_text_color=\u00bbgcid-c7cef4d5-0edc-43ec-b3a4-fd30db592458&#8243; header_2_font_size=\u00bb45px\u00bb header_2_line_height=\u00bb1.2em\u00bb animation_style=\u00bbslide\u00bb animation_direction=\u00bbbottom\u00bb animation_delay=\u00bb100ms\u00bb animation_intensity_slide=\u00bb20%\u00bb header_font_size_tablet=\u00bb45px\u00bb header_font_size_phone=\u00bb35px\u00bb header_font_size_last_edited=\u00bbon|desktop\u00bb global_colors_info=\u00bb{%22gcid-c7cef4d5-0edc-43ec-b3a4-fd30db592458%22:%91%22header_2_text_color%22,%22header_text_color%22,%22header_2_text_color%22,%22header_text_color%22%93}\u00bb]<\/p>\n<h1 style=\"text-align: center;\"><strong>Formulario de contacto<\/strong><\/h1>\n<p>[\/et_pb_text][\/et_pb_column][\/et_pb_row][et_pb_row _builder_version=\u00bb4.21.0&#8243; _module_preset=\u00bbdefault\u00bb custom_padding=\u00bb||0px|||\u00bb global_colors_info=\u00bb{}\u00bb][et_pb_column type=\u00bb4_4&#8243; _builder_version=\u00bb4.21.0&#8243; _module_preset=\u00bbdefault\u00bb global_colors_info=\u00bb{}\u00bb][\/et_pb_column][\/et_pb_row][\/et_pb_section][et_pb_section fb_built=\u00bb1&#8243; _builder_version=\u00bb4.21.0&#8243; _module_preset=\u00bbdefault\u00bb custom_padding=\u00bb||80px|||\u00bb global_colors_info=\u00bb{}\u00bb][et_pb_row _builder_version=\u00bb4.21.0&#8243; _module_preset=\u00bbdefault\u00bb custom_padding=\u00bb37px||0px|||\u00bb global_colors_info=\u00bb{}\u00bb][et_pb_column type=\u00bb4_4&#8243; _builder_version=\u00bb4.21.0&#8243; _module_preset=\u00bbdefault\u00bb global_colors_info=\u00bb{}\u00bb][et_pb_contact_form email=\u00bbinfo@sarooma.de\u00bb custom_message=\u00bb%%Firma%% %%Vorname%% %%Nachname%%Empresa: ||et_pb_line_break_holder||Nombre: ||et_pb_line_break_holder||Apellidos: ||et_pb_line_break_holder||N\u00famero de calle y de casa: %%Stra\u00dfe_und_Hausnummer%% %%PLZ%% %%Stadt%% %%Land%%||C\u00f3digo postal: Ciudad: Pa\u00eds: N\u00famero de tel\u00e9fono (opcional): %%Telefon%%||Direcci\u00f3n de correo electr\u00f3nico: %%Email%%||et_pb_line_break_holder||||et_pb_line_break_holder|\u00bfDe qu\u00e9 trata tu consulta? %%Interesse%% ||\u00bfQuieres recibir una licencia de prueba de 2 semanas? %%Testlizenz%% %%Nachricht%%|et_pb_line_break_holder||||et_pb_line_break_holder||Mensaje: |et_pb_line_break_holder||||et_pb_line_break_holder|Sugerencias de fecha: %%Terminvorschl\u00e4ge%%  \u00bb success_message=\u00bbMuchas gracias. Tu mensaje se ha enviado correctamente.   \u00bb _builder_version=\u00bb4.21.0&#8243; _module_preset=\u00bbdefault\u00bb _unique_id=\u00bb9434bfdf-a0c4-4e63-824b-d32349dbb3e0&#8243; custom_button=\u00bbon\u00bb button_text_color=\u00bbgcid-42090494-14ef-43e9-af1f-0dbac69361df\u00bb button_bg_color=\u00bbgcid-c7cef4d5-0edc-43ec-b3a4-fd30db592458&#8243; button_border_width=\u00bb0px\u00bb button_border_radius=\u00bb10px\u00bb border_radii=\u00bbon|10px|10px|10px|10px\u00bb locked=\u00bboff\u00bb global_colors_info=\u00bb{%22gcid-42090494-14ef-43e9-af1f-0dbac69361df%22:%91%22button_text_color%22%93,%22gcid-c7cef4d5-0edc-43ec-b3a4-fd30db592458%22:%91%22button_bg_color%22%93}\u00bb][et_pb_contact_field field_id=\u00bbInteresse\u00bb field_title=\u00bb\u00bfDe qu\u00e9 trata tu consulta?\u00bb field_type=\u00bbcheckbox\u00bb checkbox_options=\u00bb%91{%22value%22:%22DesktopApp%22,%22checked%22:0,%22dragID%22:-1},{%22value%22:%22WebApp%22,%22checked%22:0,%22dragID%22:0},{%22value%22:%22Formaci\u00f3n%22,%22checked%22:0,%22dragID%22:1},{%22value%22:%22Varios%22,%22checked%22:0,%22dragID%22:2}%93&#8243; _builder_version=\u00bb4.21.0&#8243; _module_preset=\u00bbdefault\u00bb global_colors_info=\u00bb{}\u00bb][\/et_pb_contact_field][et_pb_contact_field field_id=\u00bbTestlizenz\u00bb field_title=\u00bb\u00bfQuieres recibir una licencia de prueba de 2 semanas?\u00bb field_type=\u00bbcheckbox\u00bb checkbox_options=\u00bb%91{%22value%22:%22S\u00ed%22,%22checked%22:0,%22dragID%22:-1},{%22value%22:%22No%22,%22checked%22:0,%22dragID%22:0}%93&#8243; conditional_logic=\u00bbon\u00bb conditional_logic_rules=\u00bb%91{%22field%22:%22interesse%22,%22condition%22:%22is%22,%22value%22:%22DesktopApp%22}%93&#8243; _builder_version=\u00bb4.21.0&#8243; _module_preset=\u00bbdefault\u00bb global_colors_info=\u00bb{}\u00bb][\/et_pb_contact_field][et_pb_contact_field field_id=\u00bbVorname\u00bb field_title=\u00bbNombre\u00bb _builder_version=\u00bb4.21.0&#8243; _module_preset=\u00bbdefault\u00bb global_colors_info=\u00bb{}\u00bb][\/et_pb_contact_field][et_pb_contact_field field_id=\u00bbNachname\u00bb field_title=\u00bbApellido\u00bb _builder_version=\u00bb4.21.0&#8243; _module_preset=\u00bbdefault\u00bb global_colors_info=\u00bb{}\u00bb][\/et_pb_contact_field][et_pb_contact_field field_id=\u00bbEmail\u00bb field_title=\u00bbDirecci\u00f3n de correo electr\u00f3nico\u00bb field_type=\u00bbemail\u00bb _builder_version=\u00bb4.21.0&#8243; global_colors_info=\u00bb{}\u00bb button_text_size__hover_enabled=\u00bboff\u00bb button_one_text_size__hover_enabled=\u00bboff\u00bb button_two_text_size__hover_enabled=\u00bboff\u00bb button_text_color__hover_enabled=\u00bboff\u00bb button_one_text_color__hover_enabled=\u00bboff\u00bb button_two_text_color__hover_enabled=\u00bboff\u00bb button_border_width__hover_enabled=\u00bboff\u00bb button_one_border_width__hover_enabled=\u00bboff\u00bb button_two_border_width__hover_enabled=\u00bboff\u00bb button_border_color__hover_enabled=\u00bboff\u00bb button_one_border_color__hover_enabled=\u00bboff\u00bb button_two_border_color__hover_enabled=\u00bboff\u00bb button_border_radius__hover_enabled=\u00bboff\u00bb button_one_border_radius__hover_enabled=\u00bboff\u00bb button_two_border_radius__hover_enabled=\u00bboff\u00bb button_letter_spacing__hover_enabled=\u00bboff\u00bb button_one_letter_spacing__hover_enabled=\u00bboff\u00bb button_two_letter_spacing__hover_enabled=\u00bboff\u00bb button_bg_color__hover_enabled=\u00bboff\u00bb button_one_bg_color__hover_enabled=\u00bboff\u00bb button_two_bg_color__hover_enabled=\u00bboff\u00bb][\/et_pb_contact_field][et_pb_contact_field field_id=\u00bbTelefon\u00bb field_title=\u00bbN\u00famero de tel\u00e9fono (opcional)\u00bb required_mark=\u00bboff\u00bb _builder_version=\u00bb4.21.0&#8243; _module_preset=\u00bbdefault\u00bb global_colors_info=\u00bb{}\u00bb][\/et_pb_contact_field][et_pb_contact_field field_id=\u00bbFirma\u00bb field_title=\u00bbNombre de la empresa\u00bb fullwidth_field=\u00bbon\u00bb _builder_version=\u00bb4.21.0&#8243; _module_preset=\u00bbdefault\u00bb global_colors_info=\u00bb{}\u00bb][\/et_pb_contact_field][et_pb_contact_field field_id=\u00bbStra\u00dfe_und_Hausnummer\u00bb field_title=\u00bbCalle y n\u00famero de casa\u00bb _builder_version=\u00bb4.21.0&#8243; _module_preset=\u00bbdefault\u00bb global_colors_info=\u00bb{}\u00bb][\/et_pb_contact_field][et_pb_contact_field field_id=\u00bbPLZ\u00bb field_title=\u00bbC\u00f3digo postal\u00bb _builder_version=\u00bb4.21.0&#8243; _module_preset=\u00bbdefault\u00bb global_colors_info=\u00bb{}\u00bb][\/et_pb_contact_field][et_pb_contact_field field_id=\u00bbStadt\u00bb field_title=\u00bbCiudad\u00bb _builder_version=\u00bb4.21.0&#8243; _module_preset=\u00bbdefault\u00bb global_colors_info=\u00bb{}\u00bb][\/et_pb_contact_field][et_pb_contact_field field_id=\u00bbLand\u00bb field_title=\u00bbPa\u00eds\u00bb _builder_version=\u00bb4.21.0&#8243; _module_preset=\u00bbdefault\u00bb global_colors_info=\u00bb{}\u00bb][\/et_pb_contact_field][et_pb_contact_field field_id=\u00bbNachricht\u00bb field_title=\u00bbMensaje\u00bb field_type=\u00bbtext\u00bb fullwidth_field=\u00bbon\u00bb _builder_version=\u00bb4.21.0&#8243; global_colors_info=\u00bb{}\u00bb button_text_size__hover_enabled=\u00bboff\u00bb button_one_text_size__hover_enabled=\u00bboff\u00bb button_two_text_size__hover_enabled=\u00bboff\u00bb button_text_color__hover_enabled=\u00bboff\u00bb button_one_text_color__hover_enabled=\u00bboff\u00bb button_two_text_color__hover_enabled=\u00bboff\u00bb button_border_width__hover_enabled=\u00bboff\u00bb button_one_border_width__hover_enabled=\u00bboff\u00bb button_two_border_width__hover_enabled=\u00bboff\u00bb button_border_color__hover_enabled=\u00bboff\u00bb button_one_border_color__hover_enabled=\u00bboff\u00bb button_two_border_color__hover_enabled=\u00bboff\u00bb button_border_radius__hover_enabled=\u00bboff\u00bb button_one_border_radius__hover_enabled=\u00bboff\u00bb button_two_border_radius__hover_enabled=\u00bboff\u00bb button_letter_spacing__hover_enabled=\u00bboff\u00bb button_one_letter_spacing__hover_enabled=\u00bboff\u00bb button_two_letter_spacing__hover_enabled=\u00bboff\u00bb button_bg_color__hover_enabled=\u00bboff\u00bb button_one_bg_color__hover_enabled=\u00bboff\u00bb button_two_bg_color__hover_enabled=\u00bboff\u00bb][\/et_pb_contact_field][et_pb_contact_field field_id=\u00bbTerminvorschl\u00e4ge\u00bb field_title=\u00bbFechas sugeridas para las reuniones\u00bb field_type=\u00bbtext\u00bb required_mark=\u00bboff\u00bb fullwidth_field=\u00bbon\u00bb conditional_logic=\u00bbon\u00bb conditional_logic_rules=\u00bb%91{%22field%22:%22interesse%22,%22condition%22:%22is%22,%22value%22:%22WebApp%22}%93&#8243; _builder_version=\u00bb4.21.0&#8243; _module_preset=\u00bbdefault\u00bb global_colors_info=\u00bb{}\u00bb][\/et_pb_contact_field][\/et_pb_contact_form][\/et_pb_column][\/et_pb_row][\/et_pb_section][et_pb_section fb_built=\u00bb1&#8243; _builder_version=\u00bb4.21.0&#8243; _module_preset=\u00bbdefault\u00bb background_color=\u00bbgcid-42090494-14ef-43e9-af1f-0dbac69361df\u00bb global_colors_info=\u00bb{%22gcid-42090494-14ef-43e9-af1f-0dbac69361df%22:%91%22background_color%22%93}\u00bb][et_pb_row column_structure=\u00bb3_5,2_5&#8243; _builder_version=\u00bb4.21.0&#8243; _module_preset=\u00bbdefault\u00bb global_colors_info=\u00bb{}\u00bb][et_pb_column type=\u00bb3_5&#8243; _builder_version=\u00bb4.21.0&#8243; _module_preset=\u00bbdefault\u00bb global_colors_info=\u00bb{}\u00bb][et_pb_text _builder_version=\u00bb4.21.0&#8243; _module_preset=\u00bbdefault\u00bb text_text_color=\u00bbgcid-42090494-14ef-43e9-af1f-0dbac69361df\u00bb header_text_color=\u00bbgcid-42090494-14ef-43e9-af1f-0dbac69361df\u00bb header_3_text_align=\u00bbcenter\u00bb header_3_text_color=\u00bbgcid-c7cef4d5-0edc-43ec-b3a4-fd30db592458&#8243; header_3_line_height=\u00bb1.5em\u00bb header_4_text_color=\u00bbgcid-c7cef4d5-0edc-43ec-b3a4-fd30db592458&#8243; header_4_font_size=\u00bb22px\u00bb header_4_line_height=\u00bb1.5em\u00bb custom_margin=\u00bb|30px||50px|false|false\u00bb custom_margin_tablet=\u00bb|50px|||false|false\u00bb custom_margin_phone=\u00bb|50px|||false|false\u00bb custom_margin_last_edited=\u00bbon|tablet\u00bb custom_padding=\u00bb|0px||0px|false|false\u00bb global_colors_info=\u00bb{%22gcid-42090494-14ef-43e9-af1f-0dbac69361df%22:%91%22text_text_color%22,%22header_text_color%22%93,%22gcid-c7cef4d5-0edc-43ec-b3a4-fd30db592458%22:%91%22header_3_text_color%22,%22header_text_color%22,%22text_text_color%22,%22header_4_text_color%22%93}\u00bb]<\/p>\n<h3 style=\"text-align: left;\">Reciba actualizaciones y noticias de <strong>Sarooma<\/strong>.<br \/>Suscr\u00edbase ahora al newsletter.<\/h3>\n<p>[\/et_pb_text][\/et_pb_column][et_pb_column type=\u00bb2_5&#8243; _builder_version=\u00bb4.21.0&#8243; _module_preset=\u00bbdefault\u00bb global_colors_info=\u00bb{}\u00bb][et_pb_text _builder_version=\u00bb4.21.0&#8243; _module_preset=\u00bbdefault\u00bb background_color=\u00bbRGBA(255,255,255,0)\u00bb custom_margin=\u00bb20px||0px||false|false\u00bb custom_padding=\u00bb0px||0px||false|false\u00bb custom_css_main_element=\u00bb.newsletter-button{background:#2b3a72}||.newsletter-button{color:#e6e6e6}||.newsletter-button{padding-top: 10px}||.newsletter-button{padding-bottom: 10px}||.newsletter-button{padding-right: 20px}||.newsletter-button{padding-left: 20px}||.newsletter-button{font-size:16px}||.newsletter-button{font-family:default}||.newsletter-button{letter-spacing:0.2px}||.newsletter-button{border: hidden}||.newsletter-button{border-radius:10px}||.newsletter-button{cursor:pointer}\u00bb global_colors_info=\u00bb{}\u00bb]<\/p>\n<p style=\"text-align: center;\"><button class=\"rm-open-popup newsletter-button\">Al Newsletter<\/button><\/p>\n<p>[\/et_pb_text][\/et_pb_column][\/et_pb_row][et_pb_row column_structure=\u00bb3_5,2_5&#8243; _builder_version=\u00bb4.21.0&#8243; _module_preset=\u00bbdefault\u00bb global_colors_info=\u00bb{}\u00bb][et_pb_column type=\u00bb3_5&#8243; _builder_version=\u00bb4.21.0&#8243; _module_preset=\u00bbdefault\u00bb global_colors_info=\u00bb{}\u00bb][et_pb_text _builder_version=\u00bb4.21.0&#8243; _module_preset=\u00bbdefault\u00bb text_text_color=\u00bbgcid-c7cef4d5-0edc-43ec-b3a4-fd30db592458&#8243; header_text_color=\u00bbgcid-42090494-14ef-43e9-af1f-0dbac69361df\u00bb header_3_text_align=\u00bbcenter\u00bb header_3_text_color=\u00bbgcid-c7cef4d5-0edc-43ec-b3a4-fd30db592458&#8243; header_3_font_size=\u00bb23px\u00bb header_3_line_height=\u00bb1.7em\u00bb header_4_text_color=\u00bbgcid-c7cef4d5-0edc-43ec-b3a4-fd30db592458&#8243; header_4_font_size=\u00bb22px\u00bb header_4_line_height=\u00bb1.5em\u00bb header_5_text_color=\u00bbgcid-c7cef4d5-0edc-43ec-b3a4-fd30db592458&#8243; header_5_font_size=\u00bb22px\u00bb header_5_line_height=\u00bb1.5em\u00bb custom_margin=\u00bb|30px||50px|false|false\u00bb custom_margin_tablet=\u00bb|50px|||false|false\u00bb custom_margin_phone=\u00bb|50px|||false|false\u00bb custom_margin_last_edited=\u00bbon|tablet\u00bb custom_padding=\u00bb|0px||0px|false|false\u00bb global_colors_info=\u00bb{%22gcid-42090494-14ef-43e9-af1f-0dbac69361df%22:%91%22header_text_color%22%93,%22gcid-c7cef4d5-0edc-43ec-b3a4-fd30db592458%22:%91%22header_3_text_color%22,%22header_5_text_color%22,%22header_4_text_color%22,%22text_text_color%22%93}\u00bb]<\/p>\n<h4>\u00bfTiene alguna pregunta sobre nuestras calculadoras de ac\u00fastica de salas o nuestra gama de servicios?<\/h4>\n<p><span data-teams=\"true\">No dude en contactar <\/span>un mensaje o llamarnos.<\/p>\n<p>[\/et_pb_text][\/et_pb_column][et_pb_column type=\u00bb2_5&#8243; _builder_version=\u00bb4.21.0&#8243; _module_preset=\u00bbdefault\u00bb global_colors_info=\u00bb{}\u00bb][et_pb_button button_url=\u00bb@ET-DC@eyJkeW5hbWljIjp0cnVlLCJjb250ZW50IjoicG9zdF9saW5rX3VybF9wYWdlIiwic2V0dGluZ3MiOnsicG9zdF9pZCI6IjEwMCJ9fQ==@\u00bb button_text=\u00bbContacte con nosotros\u00bb button_alignment=\u00bbcenter\u00bb button_alignment_tablet=\u00bbcenter\u00bb button_alignment_phone=\u00bbcenter\u00bb button_alignment_last_edited=\u00bbon|desktop\u00bb _builder_version=\u00bb4.21.0&#8243; _dynamic_attributes=\u00bbbutton_url\u00bb _module_preset=\u00bbdefault\u00bb custom_button=\u00bbon\u00bb button_text_size=\u00bb16px\u00bb button_text_color=\u00bbgcid-42090494-14ef-43e9-af1f-0dbac69361df\u00bb button_bg_color=\u00bbgcid-c7cef4d5-0edc-43ec-b3a4-fd30db592458&#8243; button_border_width=\u00bb2px\u00bb button_border_color=\u00bbgcid-42090494-14ef-43e9-af1f-0dbac69361df\u00bb button_border_radius=\u00bb10px\u00bb button_letter_spacing=\u00bb0px\u00bb custom_margin=\u00bb30px||||false|false\u00bb custom_margin_tablet=\u00bb\u00bb custom_margin_phone=\u00bb||||false|false\u00bb custom_margin_last_edited=\u00bbon|phone\u00bb custom_padding_tablet=\u00bb\u00bb custom_padding_phone=\u00bb0px||||false|false\u00bb custom_padding_last_edited=\u00bbon|phone\u00bb global_colors_info=\u00bb{%22gcid-c7cef4d5-0edc-43ec-b3a4-fd30db592458%22:%91%22button_bg_color%22%93,%22gcid-42090494-14ef-43e9-af1f-0dbac69361df%22:%91%22button_text_color%22,%22button_border_color%22%93}\u00bb][\/et_pb_button][\/et_pb_column][\/et_pb_row][\/et_pb_section]<\/p>\n","protected":false},"excerpt":{"rendered":"<p><ul id=\"\" class=\"cnss-social-icon \" style=\"text-align:right; text-align:-webkit-right; align-self:end; margin: 0 auto;\">\t\t<li class=\"cn-fa-linkedin cn-fa-icon \" style=\"display:inline-block;\"><a class=\"\" target=\"_blank\" href=\"https:\/\/linkedin.com\/company\/sarooma-gmbh\" title=\"linkedin\" style=\"width:30px;height:30px;padding:5px 0;margin:5px;color: #2b3a72;border-radius: 10%;\"><i title=\"linkedin\" style=\"font-size:20px;\" class=\"fab fa-linkedin-in\"><\/i><\/a><\/li>\t\t<li class=\"cn-fa-instagram cn-fa-icon \" style=\"display:inline-block;\"><a class=\"\" target=\"_blank\" href=\"https:\/\/www.instagram.com\/sarooma.gmbh\/\" title=\"instagram\" style=\"width:30px;height:30px;padding:5px 0;margin:5px;color: #2b3a72;border-radius: 10%;\"><i title=\"instagram\" style=\"font-size:20px;\" class=\"fab fa-instagram\"><\/i><\/a><\/li>\t\t<li class=\"cn-fa-facebook cn-fa-icon \" style=\"display:inline-block;\"><a class=\"\" target=\"_blank\" href=\"https:\/\/www.facebook.com\/SaroomaGmbH\/\" title=\"facebook\" style=\"width:30px;height:30px;padding:5px 0;margin:5px;color: #2b3a72;border-radius: 10%;\"><i title=\"facebook\" style=\"font-size:20px;\" class=\"fab fa-facebook-f\"><\/i><\/a><\/li><\/ul>\r\n\t\r\n\tNewsletter\u00bfTiene preguntas sobre nuestras aplicaciones o servicios? P\u00f3ngase en contacto con nosotros. En Sarooma estaremos encantados de ayudarle.Formulario de contactoReciba actualizaciones y noticias de Sarooma.Suscr\u00edbase ahora al newsletter.Al Newsletter\u00bfTiene alguna pregunta sobre nuestras calculadoras de ac\u00fastica de salas o nuestra gama de servicios? No dude en contactar un mensaje o llamarnos.<\/p>\n","protected":false},"author":2,"featured_media":0,"parent":0,"menu_order":0,"comment_status":"closed","ping_status":"closed","template":"","meta":{"_et_pb_use_builder":"on","_et_pb_old_content":"","_et_gb_content_width":"","footnotes":""},"class_list":["post-3615","page","type-page","status-publish","hentry"],"_links":{"self":[{"href":"https:\/\/sarooma.com\/es\/wp-json\/wp\/v2\/pages\/3615","targetHints":{"allow":["GET"]}}],"collection":[{"href":"https:\/\/sarooma.com\/es\/wp-json\/wp\/v2\/pages"}],"about":[{"href":"https:\/\/sarooma.com\/es\/wp-json\/wp\/v2\/types\/page"}],"author":[{"embeddable":true,"href":"https:\/\/sarooma.com\/es\/wp-json\/wp\/v2\/users\/2"}],"replies":[{"embeddable":true,"href":"https:\/\/sarooma.com\/es\/wp-json\/wp\/v2\/comments?post=3615"}],"version-history":[{"count":8,"href":"https:\/\/sarooma.com\/es\/wp-json\/wp\/v2\/pages\/3615\/revisions"}],"predecessor-version":[{"id":4480,"href":"https:\/\/sarooma.com\/es\/wp-json\/wp\/v2\/pages\/3615\/revisions\/4480"}],"wp:attachment":[{"href":"https:\/\/sarooma.com\/es\/wp-json\/wp\/v2\/media?parent=3615"}],"curies":[{"name":"wp","href":"https:\/\/api.w.org\/{rel}","templated":true}]}}